{"id":202,"date":"2015-02-20T19:54:35","date_gmt":"2015-02-21T00:54:35","guid":{"rendered":"http:\/\/hgh-site.clients.soshal.ca\/nouvelles-et-evenements\/trousse-media\/"},"modified":"2025-03-21T08:47:50","modified_gmt":"2025-03-21T12:47:50","slug":"trousse-media","status":"publish","type":"page","link":"https:\/\/hgh.ca\/fr\/a-notre-sujet\/nouvelles\/trousse-media\/","title":{"rendered":"Contact m\u00e9dia"},"content":{"rendered":"<p>Pour obtenir de l&rsquo;information sur les programmes et les services de l&rsquo;h\u00f4pital et pour les demandes d&rsquo;entrevue, veuillez communiquer avec :<\/p>\n<p>\u00c9dith Jean-Louis<br \/>\nCoordonnatrice, Relations communautaires<br \/>\nT\u00e9l\u00e9phone : 613-632-1111, poste 61005<br \/>\nCourriel : edleveille@hgh.ca<\/p>\n","protected":false},"excerpt":{"rendered":"Pour obtenir de l&rsquo;information sur les programmes et les services de l&rsquo;h\u00f4pital et pour les demandes d&rsquo;entrevue, veuillez communiquer avec : \u00c9dith Jean-Louis Coordonnatrice, Relations communautaires T\u00e9l\u00e9phone : 613-632-1111, poste 61005 Courriel : edleveille@hgh.ca","protected":false},"author":1,"featured_media":0,"parent":135,"menu_order":1,"comment_status":"open","ping_status":"closed","template":"","meta":{"_acf_changed":false,"_exactmetrics_skip_tracking":false,"_exactmetrics_sitenote_active":false,"_exactmetrics_sitenote_note":"","_exactmetrics_sitenote_category":0,"footnotes":""},"class_list":["post-202","page","type-page","status-publish","hentry"],"acf":[],"yoast_head":"<!-- This site is optimized with the Yoast SEO plugin v23.0 - https:\/\/yoast.com\/wordpress\/plugins\/seo\/ -->\n<title>Contact m\u00e9dia - H\u00f4pital g\u00e9n\u00e9ral de Hawkesbury<\/title>\n<meta name=\"robots\" content=\"index, follow, max-snippet:-1, max-image-preview:large, max-video-preview:-1\" \/>\n<link rel=\"canonical\" href=\"https:\/\/hgh.ca\/fr\/a-notre-sujet\/nouvelles\/trousse-media\/\" \/>\n<meta property=\"og:locale\" content=\"fr_FR\" \/>\n<meta property=\"og:type\" content=\"article\" \/>\n<meta property=\"og:title\" content=\"Contact m\u00e9dia - H\u00f4pital g\u00e9n\u00e9ral de Hawkesbury\" \/>\n<meta property=\"og:description\" content=\"Pour obtenir de l&rsquo;information sur les programmes et les services de l&rsquo;h\u00f4pital et pour les demandes d&rsquo;entrevue, veuillez communiquer avec : \u00c9dith Jean-Louis Coordonnatrice, Relations communautaires T\u00e9l\u00e9phone : 613-632-1111, poste 61005 Courriel : edleveille@hgh.ca\" \/>\n<meta property=\"og:url\" content=\"https:\/\/hgh.ca\/fr\/a-notre-sujet\/nouvelles\/trousse-media\/\" \/>\n<meta property=\"og:site_name\" content=\"H\u00f4pital g\u00e9n\u00e9ral de Hawkesbury\" \/>\n<meta property=\"article:modified_time\" content=\"2025-03-21T12:47:50+00:00\" \/>\n<meta name=\"twitter:card\" content=\"summary_large_image\" \/>\n<meta name=\"twitter:label1\" content=\"Dur\u00e9e de lecture estim\u00e9e\" \/>\n\t<meta name=\"twitter:data1\" content=\"1 minute\" \/>\n<script type=\"application\/ld+json\" class=\"yoast-schema-graph\">{\"@context\":\"https:\/\/schema.org\",\"@graph\":[{\"@type\":\"WebPage\",\"@id\":\"https:\/\/hgh.ca\/fr\/a-notre-sujet\/nouvelles\/trousse-media\/\",\"url\":\"https:\/\/hgh.ca\/fr\/a-notre-sujet\/nouvelles\/trousse-media\/\",\"name\":\"Contact m\u00e9dia - H\u00f4pital g\u00e9n\u00e9ral de Hawkesbury\",\"isPartOf\":{\"@id\":\"https:\/\/hgh.ca\/#website\"},\"datePublished\":\"2015-02-21T00:54:35+00:00\",\"dateModified\":\"2025-03-21T12:47:50+00:00\",\"breadcrumb\":{\"@id\":\"https:\/\/hgh.ca\/fr\/a-notre-sujet\/nouvelles\/trousse-media\/#breadcrumb\"},\"inLanguage\":\"fr-FR\",\"potentialAction\":[{\"@type\":\"ReadAction\",\"target\":[\"https:\/\/hgh.ca\/fr\/a-notre-sujet\/nouvelles\/trousse-media\/\"]}]},{\"@type\":\"BreadcrumbList\",\"@id\":\"https:\/\/hgh.ca\/fr\/a-notre-sujet\/nouvelles\/trousse-media\/#breadcrumb\",\"itemListElement\":[{\"@type\":\"ListItem\",\"position\":1,\"name\":\"Home\",\"item\":\"https:\/\/hgh.ca\/fr\/\"},{\"@type\":\"ListItem\",\"position\":2,\"name\":\"\u00c0 notre sujet\",\"item\":\"https:\/\/hgh.ca\/fr\/a-notre-sujet\/\"},{\"@type\":\"ListItem\",\"position\":3,\"name\":\"Nouvelles\",\"item\":\"https:\/\/hgh.ca\/fr\/a-notre-sujet\/nouvelles\/\"},{\"@type\":\"ListItem\",\"position\":4,\"name\":\"Contact m\u00e9dia\"}]},{\"@type\":\"WebSite\",\"@id\":\"https:\/\/hgh.ca\/#website\",\"url\":\"https:\/\/hgh.ca\/\",\"name\":\"H\u00f4pital g\u00e9n\u00e9ral de Hawkesbury\",\"description\":\"Compassion, Innovation, Excellence\",\"potentialAction\":[{\"@type\":\"SearchAction\",\"target\":{\"@type\":\"EntryPoint\",\"urlTemplate\":\"https:\/\/hgh.ca\/?s={search_term_string}\"},\"query-input\":\"required name=search_term_string\"}],\"inLanguage\":\"fr-FR\"}]}<\/script>\n<!-- \/ Yoast SEO plugin. -->","yoast_head_json":{"title":"Contact m\u00e9dia - H\u00f4pital g\u00e9n\u00e9ral de Hawkesbury","robots":{"index":"index","follow":"follow","max-snippet":"max-snippet:-1","max-image-preview":"max-image-preview:large","max-video-preview":"max-video-preview:-1"},"canonical":"https:\/\/hgh.ca\/fr\/a-notre-sujet\/nouvelles\/trousse-media\/","og_locale":"fr_FR","og_type":"article","og_title":"Contact m\u00e9dia - H\u00f4pital g\u00e9n\u00e9ral de Hawkesbury","og_description":"Pour obtenir de l&rsquo;information sur les programmes et les services de l&rsquo;h\u00f4pital et pour les demandes d&rsquo;entrevue, veuillez communiquer avec : \u00c9dith Jean-Louis Coordonnatrice, Relations communautaires T\u00e9l\u00e9phone : 613-632-1111, poste 61005 Courriel : edleveille@hgh.ca","og_url":"https:\/\/hgh.ca\/fr\/a-notre-sujet\/nouvelles\/trousse-media\/","og_site_name":"H\u00f4pital g\u00e9n\u00e9ral de Hawkesbury","article_modified_time":"2025-03-21T12:47:50+00:00","twitter_card":"summary_large_image","twitter_misc":{"Dur\u00e9e de lecture estim\u00e9e":"1 minute"},"schema":{"@context":"https:\/\/schema.org","@graph":[{"@type":"WebPage","@id":"https:\/\/hgh.ca\/fr\/a-notre-sujet\/nouvelles\/trousse-media\/","url":"https:\/\/hgh.ca\/fr\/a-notre-sujet\/nouvelles\/trousse-media\/","name":"Contact m\u00e9dia - H\u00f4pital g\u00e9n\u00e9ral de Hawkesbury","isPartOf":{"@id":"https:\/\/hgh.ca\/#website"},"datePublished":"2015-02-21T00:54:35+00:00","dateModified":"2025-03-21T12:47:50+00:00","breadcrumb":{"@id":"https:\/\/hgh.ca\/fr\/a-notre-sujet\/nouvelles\/trousse-media\/#breadcrumb"},"inLanguage":"fr-FR","potentialAction":[{"@type":"ReadAction","target":["https:\/\/hgh.ca\/fr\/a-notre-sujet\/nouvelles\/trousse-media\/"]}]},{"@type":"BreadcrumbList","@id":"https:\/\/hgh.ca\/fr\/a-notre-sujet\/nouvelles\/trousse-media\/#breadcrumb","itemListElement":[{"@type":"ListItem","position":1,"name":"Home","item":"https:\/\/hgh.ca\/fr\/"},{"@type":"ListItem","position":2,"name":"\u00c0 notre sujet","item":"https:\/\/hgh.ca\/fr\/a-notre-sujet\/"},{"@type":"ListItem","position":3,"name":"Nouvelles","item":"https:\/\/hgh.ca\/fr\/a-notre-sujet\/nouvelles\/"},{"@type":"ListItem","position":4,"name":"Contact m\u00e9dia"}]},{"@type":"WebSite","@id":"https:\/\/hgh.ca\/#website","url":"https:\/\/hgh.ca\/","name":"H\u00f4pital g\u00e9n\u00e9ral de Hawkesbury","description":"Compassion, Innovation, Excellence","potentialAction":[{"@type":"SearchAction","target":{"@type":"EntryPoint","urlTemplate":"https:\/\/hgh.ca\/?s={search_term_string}"},"query-input":"required name=search_term_string"}],"inLanguage":"fr-FR"}]}},"_links":{"self":[{"href":"https:\/\/hgh.ca\/fr\/wp-json\/wp\/v2\/pages\/202\/"}],"collection":[{"href":"https:\/\/hgh.ca\/fr\/wp-json\/wp\/v2\/pages\/"}],"about":[{"href":"https:\/\/hgh.ca\/fr\/wp-json\/wp\/v2\/types\/page\/"}],"author":[{"embeddable":true,"href":"https:\/\/hgh.ca\/fr\/wp-json\/wp\/v2\/users\/1\/"}],"replies":[{"embeddable":true,"href":"https:\/\/hgh.ca\/fr\/wp-json\/wp\/v2\/comments\/?post=202"}],"version-history":[{"count":5,"href":"https:\/\/hgh.ca\/fr\/wp-json\/wp\/v2\/pages\/202\/revisions\/"}],"predecessor-version":[{"id":10526,"href":"https:\/\/hgh.ca\/fr\/wp-json\/wp\/v2\/pages\/202\/revisions\/10526\/"}],"up":[{"embeddable":true,"href":"https:\/\/hgh.ca\/fr\/wp-json\/wp\/v2\/pages\/135\/"}],"wp:attachment":[{"href":"https:\/\/hgh.ca\/fr\/wp-json\/wp\/v2\/media\/?parent=202"}],"curies":[{"name":"wp","href":"https:\/\/api.w.org\/{rel}","templated":true}]}}