{"id":268,"date":"2015-02-20T21:04:41","date_gmt":"2015-02-20T21:04:41","guid":{"rendered":"http:\/\/hgh-site.clients.soshal.ca\/plan-du-site\/"},"modified":"2015-03-11T13:56:42","modified_gmt":"2015-03-11T13:56:42","slug":"plan-du-site","status":"publish","type":"page","link":"https:\/\/hgh.ca\/fr\/plan-du-site\/","title":{"rendered":"Plan du site"},"content":{"rendered":"<ul class=\"sitemap\"><li class=\"page_item page-item-116 page_item_has_children\"><a href=\"https:\/\/hgh.ca\/fr\/a-notre-sujet\/\">\u00c0 notre sujet<\/a>\n<ul class='children'>\n\t<li class=\"page_item page-item-10913\"><a href=\"https:\/\/hgh.ca\/fr\/a-notre-sujet\/40e-anniversaire\/\">40e anniversaire<\/a><\/li>\n\t<li class=\"page_item page-item-121 page_item_has_children\"><a href=\"https:\/\/hgh.ca\/fr\/a-notre-sujet\/lequipe-de-leadership\/\">L&rsquo;\u00e9quipe de Leadership<\/a>\n\t<ul class='children'>\n\t\t<li class=\"page_item page-item-2632\"><a href=\"https:\/\/hgh.ca\/fr\/a-notre-sujet\/lequipe-de-leadership\/documents-corporatifs\/\">Documents corporatifs du Leadership<\/a><\/li>\n\t\t<li class=\"page_item page-item-4985\"><a href=\"https:\/\/hgh.ca\/fr\/a-notre-sujet\/lequipe-de-leadership\/structure-organisationnelle\/\">Structure organisationnelle<\/a><\/li>\n\t<\/ul>\n<\/li>\n\t<li class=\"page_item page-item-120 page_item_has_children\"><a href=\"https:\/\/hgh.ca\/fr\/a-notre-sujet\/le-conseil-dadministration\/\">Le conseil d&rsquo;administration<\/a>\n\t<ul class='children'>\n\t\t<li class=\"page_item page-item-2620\"><a href=\"https:\/\/hgh.ca\/fr\/a-notre-sujet\/le-conseil-dadministration\/documents-corporatifs\/\">Documents corporatifs du Conseil<\/a><\/li>\n\t\t<li class=\"page_item page-item-4721\"><a href=\"https:\/\/hgh.ca\/fr\/a-notre-sujet\/le-conseil-dadministration\/reglements-et-politiques\/\">R\u00e8glements et politiques<\/a><\/li>\n\t<\/ul>\n<\/li>\n\t<li class=\"page_item page-item-135 page_item_has_children\"><a href=\"https:\/\/hgh.ca\/fr\/a-notre-sujet\/nouvelles\/\">Nouvelles<\/a>\n\t<ul class='children'>\n\t\t<li class=\"page_item page-item-201\"><a href=\"https:\/\/hgh.ca\/fr\/a-notre-sujet\/nouvelles\/bulletins-dinformation\/\">Bulletins d&rsquo;information<\/a><\/li>\n\t\t<li class=\"page_item page-item-202\"><a href=\"https:\/\/hgh.ca\/fr\/a-notre-sujet\/nouvelles\/trousse-media\/\">Contact m\u00e9dia<\/a><\/li>\n\t<\/ul>\n<\/li>\n\t<li class=\"page_item page-item-1067\"><a href=\"https:\/\/hgh.ca\/fr\/a-notre-sujet\/plan-strategique\/\">Plan strat\u00e9gique<\/a><\/li>\n\t<li class=\"page_item page-item-119\"><a href=\"https:\/\/hgh.ca\/fr\/a-notre-sujet\/projet-de-reamenagement\/\">Projet de r\u00e9am\u00e9nagement<\/a><\/li>\n\t<li class=\"page_item page-item-1844 page_item_has_children\"><a href=\"https:\/\/hgh.ca\/fr\/a-notre-sujet\/qualite-et-performance\/\">Qualit\u00e9 et performance<\/a>\n\t<ul class='children'>\n\t\t<li class=\"page_item page-item-1846\"><a href=\"https:\/\/hgh.ca\/fr\/a-notre-sujet\/qualite-et-performance\/agrement\/\">Agr\u00e9ment<\/a><\/li>\n\t\t<li class=\"page_item page-item-1911\"><a href=\"https:\/\/hgh.ca\/fr\/a-notre-sujet\/qualite-et-performance\/ententes-et-plans\/\">Ententes et plans<\/a><\/li>\n\t\t<li class=\"page_item page-item-1918\"><a href=\"https:\/\/hgh.ca\/fr\/a-notre-sujet\/qualite-et-performance\/loi-sur-lacces-a-linformation-et-la-protection-de-la-vie-privee\/\">Loi sur l\u2019acc\u00e8s \u00e0 l\u2019information et la protection de la vie priv\u00e9e<\/a><\/li>\n\t\t<li class=\"page_item page-item-1920\"><a href=\"https:\/\/hgh.ca\/fr\/a-notre-sujet\/qualite-et-performance\/loi-sur-la-protection-des-renseignements-personnels-sur-la-sante-lprps\/\">Loi sur la protection des renseignements personnels sur la sant\u00e9<\/a><\/li>\n\t\t<li class=\"page_item page-item-1909\"><a href=\"https:\/\/hgh.ca\/fr\/a-notre-sujet\/qualite-et-performance\/plan-damelioration-de-la-qualite-et-indicateurs-de-la-qualite\/\">Plan d\u2019am\u00e9lioration de la qualit\u00e9 et indicateurs de la qualit\u00e9<\/a><\/li>\n\t\t<li class=\"page_item page-item-1902\"><a href=\"https:\/\/hgh.ca\/fr\/a-notre-sujet\/qualite-et-performance\/rapports-annuels-et-etats-financiers\/\">Rapports annuels et \u00e9tats financiers<\/a><\/li>\n\t<\/ul>\n<\/li>\n\t<li class=\"page_item page-item-124\"><a href=\"https:\/\/hgh.ca\/fr\/a-notre-sujet\/vision-mission-valeurs\/\">Vision, mission, valeurs<\/a><\/li>\n<\/ul>\n<\/li>\n<li class=\"page_item page-item-67\"><a href=\"https:\/\/hgh.ca\/fr\/\">Accueil<\/a><\/li>\n<li class=\"page_item page-item-241 page_item_has_children\"><a href=\"https:\/\/hgh.ca\/fr\/benevoles\/\">B\u00e9n\u00e9voles<\/a>\n<ul class='children'>\n\t<li class=\"page_item page-item-934\"><a href=\"https:\/\/hgh.ca\/fr\/benevoles\/joindre\/\">Nous joindre<\/a><\/li>\n<\/ul>\n<\/li>\n<li class=\"page_item page-item-11599 page_item_has_children\"><a href=\"https:\/\/hgh.ca\/fr\/carrieres-et-benevolat\/\">Carri\u00e8res et b\u00e9n\u00e9volat<\/a>\n<ul class='children'>\n\t<li class=\"page_item page-item-801\"><a href=\"https:\/\/hgh.ca\/fr\/carrieres-et-benevolat\/les-offres-demploi\/\">Offres d&#8217;emploi<\/a><\/li>\n\t<li class=\"page_item page-item-11631\"><a href=\"https:\/\/hgh.ca\/fr\/carrieres-et-benevolat\/pourquoi-choisir-lhgh\/\">Pourquoi choisir l&rsquo;HGH?<\/a><\/li>\n\t<li class=\"page_item page-item-11709\"><a href=\"https:\/\/hgh.ca\/fr\/carrieres-et-benevolat\/stages-et-emplois-etudiants\/\">Stages et emplois \u00e9tudiants<\/a><\/li>\n\t<li class=\"page_item page-item-11689\"><a href=\"https:\/\/hgh.ca\/fr\/carrieres-et-benevolat\/vivre-dans-la-region\/\">Vivre dans la r\u00e9gion<\/a><\/li>\n<\/ul>\n<\/li>\n<li class=\"page_item page-item-932\"><a href=\"https:\/\/hgh.ca\/fr\/devenir-benevole\/\">Devenir b\u00e9n\u00e9vole<\/a><\/li>\n<li class=\"page_item page-item-5663\"><a href=\"https:\/\/hgh.ca\/fr\/effacer-mes-traces\/\">Effacer mes traces<\/a><\/li>\n<li class=\"page_item page-item-242\"><a href=\"https:\/\/hgh.ca\/fr\/employes\/\">Employ\u00e9s<\/a><\/li>\n<li class=\"page_item page-item-5418\"><a href=\"https:\/\/hgh.ca\/fr\/mychart\/\">MyChart<\/a><\/li>\n<li class=\"page_item page-item-142\"><a href=\"https:\/\/hgh.ca\/fr\/nous-joindre\/\">Nous joindre<\/a><\/li>\n<li class=\"page_item page-item-268\"><a href=\"https:\/\/hgh.ca\/fr\/plan-du-site\/\">Plan du site<\/a><\/li>\n<li class=\"page_item page-item-10208\"><a href=\"https:\/\/hgh.ca\/fr\/pockethealth-pour-les-medecins\/\">PocketHealth pour les m\u00e9decins<\/a><\/li>\n<li class=\"page_item page-item-10290\"><a href=\"https:\/\/hgh.ca\/fr\/pockethealth-pour-les-patients\/\">PocketHealth pour les patients<\/a><\/li>\n<li class=\"page_item page-item-143\"><a href=\"https:\/\/hgh.ca\/fr\/portail-des-employes\/\">Portail des employ\u00e9s<\/a><\/li>\n<li class=\"page_item page-item-7015 page_item_has_children\"><a href=\"https:\/\/hgh.ca\/fr\/professionnels-de-la-sante\/\">Professionnels de la sant\u00e9<\/a>\n<ul class='children'>\n\t<li class=\"page_item page-item-797 page_item_has_children\"><a href=\"https:\/\/hgh.ca\/fr\/professionnels-de-la-sante\/recrutement-de-medecins\/\">Recrutement de m\u00e9decins<\/a>\n\t<ul class='children'>\n\t\t<li class=\"page_item page-item-9923\"><a href=\"https:\/\/hgh.ca\/fr\/professionnels-de-la-sante\/recrutement-de-medecins\/chirurgien-ou-chirurgienne-generaliste\/\">Chirurgien ou chirurgienne g\u00e9n\u00e9raliste<\/a><\/li>\n\t\t<li class=\"page_item page-item-9793\"><a href=\"https:\/\/hgh.ca\/fr\/professionnels-de-la-sante\/recrutement-de-medecins\/hospitaliste\/\">Hospitaliste<\/a><\/li>\n\t\t<li class=\"page_item page-item-9809\"><a href=\"https:\/\/hgh.ca\/fr\/professionnels-de-la-sante\/recrutement-de-medecins\/interniste\/\">Interniste<\/a><\/li>\n\t\t<li class=\"page_item page-item-9762\"><a href=\"https:\/\/hgh.ca\/fr\/professionnels-de-la-sante\/recrutement-de-medecins\/medecin-durgence\/\">M\u00e9decin d&rsquo;urgence<\/a><\/li>\n\t\t<li class=\"page_item page-item-9846\"><a href=\"https:\/\/hgh.ca\/fr\/professionnels-de-la-sante\/recrutement-de-medecins\/ophtalmologiste\/\">Ophtalmologiste<\/a><\/li>\n\t<\/ul>\n<\/li>\n<\/ul>\n<\/li>\n<li class=\"page_item page-item-11273\"><a href=\"https:\/\/hgh.ca\/fr\/rapport-a-la-communaute\/\">Rapport \u00e0 la communaut\u00e9<\/a><\/li>\n<li class=\"page_item page-item-3546 page_item_has_children\"><a href=\"https:\/\/hgh.ca\/fr\/referer-un-patient\/\">R\u00e9f\u00e9rer un patient<\/a>\n<ul class='children'>\n\t<li class=\"page_item page-item-10552\"><a href=\"https:\/\/hgh.ca\/fr\/referer-un-patient\/temps-dattente\/\">Temps d&rsquo;attente<\/a><\/li>\n<\/ul>\n<\/li>\n<li class=\"page_item page-item-749\"><a href=\"https:\/\/hgh.ca\/fr\/sante-mentale-et-toxicomanie\/\">Sant\u00e9 mentale et toxicomanie<\/a><\/li>\n<li class=\"page_item page-item-817\"><a href=\"https:\/\/hgh.ca\/fr\/vos-commentaires\/\">Vos commentaires<\/a><\/li>\n<\/ul>\n","protected":false},"excerpt":{"rendered":"","protected":false},"author":1,"featured_media":0,"parent":0,"menu_order":20,"comment_status":"open","ping_status":"open","template":"","meta":{"_acf_changed":false,"_exactmetrics_skip_tracking":false,"_exactmetrics_sitenote_active":false,"_exactmetrics_sitenote_note":"","_exactmetrics_sitenote_category":0,"footnotes":""},"class_list":["post-268","page","type-page","status-publish","hentry"],"acf":[],"yoast_head":"<!-- This site is optimized with the Yoast SEO plugin v23.0 - https:\/\/yoast.com\/wordpress\/plugins\/seo\/ -->\n<title>Plan du site - H\u00f4pital g\u00e9n\u00e9ral de Hawkesbury<\/title>\n<meta name=\"robots\" content=\"index, follow, max-snippet:-1, max-image-preview:large, max-video-preview:-1\" \/>\n<link rel=\"canonical\" href=\"https:\/\/hgh.ca\/fr\/site-map\/\" \/>\n<meta property=\"og:locale\" content=\"fr_FR\" \/>\n<meta property=\"og:type\" content=\"article\" \/>\n<meta property=\"og:title\" content=\"Plan du site - H\u00f4pital g\u00e9n\u00e9ral de Hawkesbury\" \/>\n<meta property=\"og:url\" content=\"https:\/\/hgh.ca\/site-map\/\" \/>\n<meta property=\"og:site_name\" content=\"H\u00f4pital g\u00e9n\u00e9ral de Hawkesbury\" \/>\n<meta property=\"article:modified_time\" content=\"2015-03-11T13:56:42+00:00\" \/>\n<meta name=\"twitter:card\" content=\"summary_large_image\" \/>\n<script type=\"application\/ld+json\" class=\"yoast-schema-graph\">{\"@context\":\"https:\/\/schema.org\",\"@graph\":[{\"@type\":\"WebPage\",\"@id\":\"https:\/\/hgh.ca\/site-map\/\",\"url\":\"https:\/\/hgh.ca\/site-map\/\",\"name\":\"Plan du site - H\u00f4pital g\u00e9n\u00e9ral de Hawkesbury\",\"isPartOf\":{\"@id\":\"https:\/\/hgh.ca\/#website\"},\"datePublished\":\"2015-02-20T21:04:41+00:00\",\"dateModified\":\"2015-03-11T13:56:42+00:00\",\"breadcrumb\":{\"@id\":\"https:\/\/hgh.ca\/site-map\/#breadcrumb\"},\"inLanguage\":\"fr-FR\",\"potentialAction\":[{\"@type\":\"ReadAction\",\"target\":[\"https:\/\/hgh.ca\/site-map\/\"]}]},{\"@type\":\"BreadcrumbList\",\"@id\":\"https:\/\/hgh.ca\/site-map\/#breadcrumb\",\"itemListElement\":[{\"@type\":\"ListItem\",\"position\":1,\"name\":\"Home\",\"item\":\"https:\/\/hgh.ca\/fr\/\"},{\"@type\":\"ListItem\",\"position\":2,\"name\":\"Plan du site\"}]},{\"@type\":\"WebSite\",\"@id\":\"https:\/\/hgh.ca\/#website\",\"url\":\"https:\/\/hgh.ca\/\",\"name\":\"H\u00f4pital g\u00e9n\u00e9ral de Hawkesbury\",\"description\":\"Compassion, Innovation, Excellence\",\"potentialAction\":[{\"@type\":\"SearchAction\",\"target\":{\"@type\":\"EntryPoint\",\"urlTemplate\":\"https:\/\/hgh.ca\/?s={search_term_string}\"},\"query-input\":\"required name=search_term_string\"}],\"inLanguage\":\"fr-FR\"}]}<\/script>\n<!-- \/ Yoast SEO plugin. -->","yoast_head_json":{"title":"Plan du site - H\u00f4pital g\u00e9n\u00e9ral de Hawkesbury","robots":{"index":"index","follow":"follow","max-snippet":"max-snippet:-1","max-image-preview":"max-image-preview:large","max-video-preview":"max-video-preview:-1"},"canonical":"https:\/\/hgh.ca\/fr\/site-map\/","og_locale":"fr_FR","og_type":"article","og_title":"Plan du site - H\u00f4pital g\u00e9n\u00e9ral de Hawkesbury","og_url":"https:\/\/hgh.ca\/site-map\/","og_site_name":"H\u00f4pital g\u00e9n\u00e9ral de Hawkesbury","article_modified_time":"2015-03-11T13:56:42+00:00","twitter_card":"summary_large_image","schema":{"@context":"https:\/\/schema.org","@graph":[{"@type":"WebPage","@id":"https:\/\/hgh.ca\/site-map\/","url":"https:\/\/hgh.ca\/site-map\/","name":"Plan du site - H\u00f4pital g\u00e9n\u00e9ral de Hawkesbury","isPartOf":{"@id":"https:\/\/hgh.ca\/#website"},"datePublished":"2015-02-20T21:04:41+00:00","dateModified":"2015-03-11T13:56:42+00:00","breadcrumb":{"@id":"https:\/\/hgh.ca\/site-map\/#breadcrumb"},"inLanguage":"fr-FR","potentialAction":[{"@type":"ReadAction","target":["https:\/\/hgh.ca\/site-map\/"]}]},{"@type":"BreadcrumbList","@id":"https:\/\/hgh.ca\/site-map\/#breadcrumb","itemListElement":[{"@type":"ListItem","position":1,"name":"Home","item":"https:\/\/hgh.ca\/fr\/"},{"@type":"ListItem","position":2,"name":"Plan du site"}]},{"@type":"WebSite","@id":"https:\/\/hgh.ca\/#website","url":"https:\/\/hgh.ca\/","name":"H\u00f4pital g\u00e9n\u00e9ral de Hawkesbury","description":"Compassion, Innovation, Excellence","potentialAction":[{"@type":"SearchAction","target":{"@type":"EntryPoint","urlTemplate":"https:\/\/hgh.ca\/?s={search_term_string}"},"query-input":"required name=search_term_string"}],"inLanguage":"fr-FR"}]}},"_links":{"self":[{"href":"https:\/\/hgh.ca\/fr\/wp-json\/wp\/v2\/pages\/268\/"}],"collection":[{"href":"https:\/\/hgh.ca\/fr\/wp-json\/wp\/v2\/pages\/"}],"about":[{"href":"https:\/\/hgh.ca\/fr\/wp-json\/wp\/v2\/types\/page\/"}],"author":[{"embeddable":true,"href":"https:\/\/hgh.ca\/fr\/wp-json\/wp\/v2\/users\/1\/"}],"replies":[{"embeddable":true,"href":"https:\/\/hgh.ca\/fr\/wp-json\/wp\/v2\/comments\/?post=268"}],"version-history":[{"count":2,"href":"https:\/\/hgh.ca\/fr\/wp-json\/wp\/v2\/pages\/268\/revisions\/"}],"predecessor-version":[{"id":525,"href":"https:\/\/hgh.ca\/fr\/wp-json\/wp\/v2\/pages\/268\/revisions\/525\/"}],"wp:attachment":[{"href":"https:\/\/hgh.ca\/fr\/wp-json\/wp\/v2\/media\/?parent=268"}],"curies":[{"name":"wp","href":"https:\/\/api.w.org\/{rel}","templated":true}]}}