{"id":4985,"date":"2018-10-25T15:14:48","date_gmt":"2018-10-25T19:14:48","guid":{"rendered":"https:\/\/hgh.ca\/?page_id=4985"},"modified":"2026-01-15T15:19:02","modified_gmt":"2026-01-15T20:19:02","slug":"structure-organisationnelle","status":"publish","type":"page","link":"https:\/\/hgh.ca\/fr\/a-notre-sujet\/lequipe-de-leadership\/structure-organisationnelle\/","title":{"rendered":"Structure organisationnelle"},"content":{"rendered":"<h2>Organigramme de l&rsquo;HGH<\/h2>\n<p>Pour en savoir davantage sur la structure organisationnelle de l&rsquo;H\u00f4pital g\u00e9n\u00e9ral de Hawkesbury et district, consultez l&rsquo;image ci-dessous.\u00a0Pour obtenir l&rsquo;organigramme en format adapt\u00e9, veuillez \u00e9crire \u00e0 <a href=\"mailto:communications@hgh.ca\">communications@hgh.ca<\/a><\/p>\n<p><a href=\"https:\/\/hgh.ca\/wp-content\/uploads\/2026\/01\/Organigramme-HGH-Janvier-2026.pdf\"><img loading=\"lazy\" decoding=\"async\" class=\"alignnone wp-image-12342 size-full\" src=\"https:\/\/hgh.ca\/wp-content\/uploads\/2026\/01\/organigramme-fr-jan-2026.png\" alt=\"\" width=\"6000\" height=\"3500\" srcset=\"https:\/\/hgh.ca\/wp-content\/uploads\/2026\/01\/organigramme-fr-jan-2026.png 6000w, https:\/\/hgh.ca\/wp-content\/uploads\/2026\/01\/organigramme-fr-jan-2026-250x146.png 250w, https:\/\/hgh.ca\/wp-content\/uploads\/2026\/01\/organigramme-fr-jan-2026-700x408.png 700w, https:\/\/hgh.ca\/wp-content\/uploads\/2026\/01\/organigramme-fr-jan-2026-768x448.png 768w, https:\/\/hgh.ca\/wp-content\/uploads\/2026\/01\/organigramme-fr-jan-2026-1536x896.png 1536w, https:\/\/hgh.ca\/wp-content\/uploads\/2026\/01\/organigramme-fr-jan-2026-2048x1195.png 2048w, https:\/\/hgh.ca\/wp-content\/uploads\/2026\/01\/organigramme-fr-jan-2026-120x70.png 120w, https:\/\/hgh.ca\/wp-content\/uploads\/2026\/01\/organigramme-fr-jan-2026-960x560.png 960w\" sizes=\"(max-width: 6000px) 100vw, 6000px\" \/><\/a><\/p>\n<h2>L&rsquo;HGH, chef de file en soins de sant\u00e9<\/h2>\n<p>L&rsquo;HGH est en constante \u00e9volution. Pour en savoir davantage sur les offres d&#8217;emploi, notre milieu de travail, les opportunit\u00e9s de stage et la vie dans la r\u00e9gion de Prescott-Russell, visitez la section <a href=\"https:\/\/hgh.ca\/fr\/carrieres\/\">Carri\u00e8res et b\u00e9n\u00e9volat<\/a>.<\/p>\n","protected":false},"excerpt":{"rendered":"Organigramme de l&rsquo;HGH Pour en savoir davantage sur la structure organisationnelle de l&rsquo;H\u00f4pital g\u00e9n\u00e9ral de Hawkesbury et district, consultez l&rsquo;image ci-dessous.\u00a0Pour obtenir l&rsquo;organigramme en format adapt\u00e9, veuillez \u00e9crire \u00e0 communications@hgh.ca L&rsquo;HGH, chef de file en soins de sant\u00e9 L&rsquo;HGH est en constante \u00e9volution. Pour en savoir davantage sur les offres d&#8217;emploi, notre milieu de travail,&#8230; <a class=\"btn btn--primary\" href=\"https:\/\/hgh.ca\/fr\/a-notre-sujet\/lequipe-de-leadership\/structure-organisationnelle\/\">Acc\u00e9der l&rsquo;article<\/a>","protected":false},"author":2,"featured_media":0,"parent":121,"menu_order":1,"comment_status":"closed","ping_status":"closed","template":"","meta":{"_acf_changed":false,"_exactmetrics_skip_tracking":false,"_exactmetrics_sitenote_active":false,"_exactmetrics_sitenote_note":"","_exactmetrics_sitenote_category":0,"footnotes":""},"class_list":["post-4985","page","type-page","status-publish","hentry"],"acf":[],"yoast_head":"<!-- This site is optimized with the Yoast SEO plugin v23.0 - https:\/\/yoast.com\/wordpress\/plugins\/seo\/ -->\n<title>Structure organisationnelle - H\u00f4pital g\u00e9n\u00e9ral de Hawkesbury<\/title>\n<meta name=\"robots\" content=\"index, follow, max-snippet:-1, max-image-preview:large, max-video-preview:-1\" \/>\n<link rel=\"canonical\" href=\"https:\/\/hgh.ca\/fr\/a-notre-sujet\/lequipe-de-leadership\/structure-organisationnelle\/\" \/>\n<meta property=\"og:locale\" content=\"fr_FR\" \/>\n<meta property=\"og:type\" content=\"article\" \/>\n<meta property=\"og:title\" content=\"Structure organisationnelle - H\u00f4pital g\u00e9n\u00e9ral de Hawkesbury\" \/>\n<meta property=\"og:description\" content=\"Organigramme de l&rsquo;HGH Pour en savoir davantage sur la structure organisationnelle de l&rsquo;H\u00f4pital g\u00e9n\u00e9ral de Hawkesbury et district, consultez l&rsquo;image ci-dessous.\u00a0Pour obtenir l&rsquo;organigramme en format adapt\u00e9, veuillez \u00e9crire \u00e0 communications@hgh.ca L&rsquo;HGH, chef de file en soins de sant\u00e9 L&rsquo;HGH est en constante \u00e9volution. Pour en savoir davantage sur les offres d&#8217;emploi, notre milieu de travail,... Acc\u00e9der l&#039;article\" \/>\n<meta property=\"og:url\" content=\"https:\/\/hgh.ca\/fr\/a-notre-sujet\/lequipe-de-leadership\/structure-organisationnelle\/\" \/>\n<meta property=\"og:site_name\" content=\"H\u00f4pital g\u00e9n\u00e9ral de Hawkesbury\" \/>\n<meta property=\"article:modified_time\" content=\"2026-01-15T20:19:02+00:00\" \/>\n<meta property=\"og:image\" content=\"https:\/\/hgh.ca\/wp-content\/uploads\/2026\/01\/organigramme-fr-jan-2026.png\" \/>\n<meta name=\"twitter:card\" content=\"summary_large_image\" \/>\n<meta name=\"twitter:label1\" content=\"Dur\u00e9e de lecture estim\u00e9e\" \/>\n\t<meta name=\"twitter:data1\" content=\"1 minute\" \/>\n<script type=\"application\/ld+json\" class=\"yoast-schema-graph\">{\"@context\":\"https:\/\/schema.org\",\"@graph\":[{\"@type\":\"WebPage\",\"@id\":\"https:\/\/hgh.ca\/fr\/a-notre-sujet\/lequipe-de-leadership\/structure-organisationnelle\/\",\"url\":\"https:\/\/hgh.ca\/fr\/a-notre-sujet\/lequipe-de-leadership\/structure-organisationnelle\/\",\"name\":\"Structure organisationnelle - H\u00f4pital g\u00e9n\u00e9ral de Hawkesbury\",\"isPartOf\":{\"@id\":\"https:\/\/hgh.ca\/#website\"},\"primaryImageOfPage\":{\"@id\":\"https:\/\/hgh.ca\/fr\/a-notre-sujet\/lequipe-de-leadership\/structure-organisationnelle\/#primaryimage\"},\"image\":{\"@id\":\"https:\/\/hgh.ca\/fr\/a-notre-sujet\/lequipe-de-leadership\/structure-organisationnelle\/#primaryimage\"},\"thumbnailUrl\":\"https:\/\/hgh.ca\/wp-content\/uploads\/2026\/01\/organigramme-fr-jan-2026.png\",\"datePublished\":\"2018-10-25T19:14:48+00:00\",\"dateModified\":\"2026-01-15T20:19:02+00:00\",\"breadcrumb\":{\"@id\":\"https:\/\/hgh.ca\/fr\/a-notre-sujet\/lequipe-de-leadership\/structure-organisationnelle\/#breadcrumb\"},\"inLanguage\":\"fr-FR\",\"potentialAction\":[{\"@type\":\"ReadAction\",\"target\":[\"https:\/\/hgh.ca\/fr\/a-notre-sujet\/lequipe-de-leadership\/structure-organisationnelle\/\"]}]},{\"@type\":\"ImageObject\",\"inLanguage\":\"fr-FR\",\"@id\":\"https:\/\/hgh.ca\/fr\/a-notre-sujet\/lequipe-de-leadership\/structure-organisationnelle\/#primaryimage\",\"url\":\"https:\/\/hgh.ca\/wp-content\/uploads\/2026\/01\/organigramme-fr-jan-2026.png\",\"contentUrl\":\"https:\/\/hgh.ca\/wp-content\/uploads\/2026\/01\/organigramme-fr-jan-2026.png\"},{\"@type\":\"BreadcrumbList\",\"@id\":\"https:\/\/hgh.ca\/fr\/a-notre-sujet\/lequipe-de-leadership\/structure-organisationnelle\/#breadcrumb\",\"itemListElement\":[{\"@type\":\"ListItem\",\"position\":1,\"name\":\"Home\",\"item\":\"https:\/\/hgh.ca\/fr\/\"},{\"@type\":\"ListItem\",\"position\":2,\"name\":\"\u00c0 notre sujet\",\"item\":\"https:\/\/hgh.ca\/fr\/a-notre-sujet\/\"},{\"@type\":\"ListItem\",\"position\":3,\"name\":\"L&#8217;\u00e9quipe de Leadership\",\"item\":\"https:\/\/hgh.ca\/fr\/a-notre-sujet\/lequipe-de-leadership\/\"},{\"@type\":\"ListItem\",\"position\":4,\"name\":\"Structure organisationnelle\"}]},{\"@type\":\"WebSite\",\"@id\":\"https:\/\/hgh.ca\/#website\",\"url\":\"https:\/\/hgh.ca\/\",\"name\":\"H\u00f4pital g\u00e9n\u00e9ral de Hawkesbury\",\"description\":\"Compassion, Innovation, Excellence\",\"potentialAction\":[{\"@type\":\"SearchAction\",\"target\":{\"@type\":\"EntryPoint\",\"urlTemplate\":\"https:\/\/hgh.ca\/?s={search_term_string}\"},\"query-input\":\"required name=search_term_string\"}],\"inLanguage\":\"fr-FR\"}]}<\/script>\n<!-- \/ Yoast SEO plugin. -->","yoast_head_json":{"title":"Structure organisationnelle - H\u00f4pital g\u00e9n\u00e9ral de Hawkesbury","robots":{"index":"index","follow":"follow","max-snippet":"max-snippet:-1","max-image-preview":"max-image-preview:large","max-video-preview":"max-video-preview:-1"},"canonical":"https:\/\/hgh.ca\/fr\/a-notre-sujet\/lequipe-de-leadership\/structure-organisationnelle\/","og_locale":"fr_FR","og_type":"article","og_title":"Structure organisationnelle - H\u00f4pital g\u00e9n\u00e9ral de Hawkesbury","og_description":"Organigramme de l&rsquo;HGH Pour en savoir davantage sur la structure organisationnelle de l&rsquo;H\u00f4pital g\u00e9n\u00e9ral de Hawkesbury et district, consultez l&rsquo;image ci-dessous.\u00a0Pour obtenir l&rsquo;organigramme en format adapt\u00e9, veuillez \u00e9crire \u00e0 communications@hgh.ca L&rsquo;HGH, chef de file en soins de sant\u00e9 L&rsquo;HGH est en constante \u00e9volution. Pour en savoir davantage sur les offres d&#8217;emploi, notre milieu de travail,... Acc\u00e9der l'article","og_url":"https:\/\/hgh.ca\/fr\/a-notre-sujet\/lequipe-de-leadership\/structure-organisationnelle\/","og_site_name":"H\u00f4pital g\u00e9n\u00e9ral de Hawkesbury","article_modified_time":"2026-01-15T20:19:02+00:00","og_image":[{"url":"https:\/\/hgh.ca\/wp-content\/uploads\/2026\/01\/organigramme-fr-jan-2026.png"}],"twitter_card":"summary_large_image","twitter_misc":{"Dur\u00e9e de lecture estim\u00e9e":"1 minute"},"schema":{"@context":"https:\/\/schema.org","@graph":[{"@type":"WebPage","@id":"https:\/\/hgh.ca\/fr\/a-notre-sujet\/lequipe-de-leadership\/structure-organisationnelle\/","url":"https:\/\/hgh.ca\/fr\/a-notre-sujet\/lequipe-de-leadership\/structure-organisationnelle\/","name":"Structure organisationnelle - H\u00f4pital g\u00e9n\u00e9ral de Hawkesbury","isPartOf":{"@id":"https:\/\/hgh.ca\/#website"},"primaryImageOfPage":{"@id":"https:\/\/hgh.ca\/fr\/a-notre-sujet\/lequipe-de-leadership\/structure-organisationnelle\/#primaryimage"},"image":{"@id":"https:\/\/hgh.ca\/fr\/a-notre-sujet\/lequipe-de-leadership\/structure-organisationnelle\/#primaryimage"},"thumbnailUrl":"https:\/\/hgh.ca\/wp-content\/uploads\/2026\/01\/organigramme-fr-jan-2026.png","datePublished":"2018-10-25T19:14:48+00:00","dateModified":"2026-01-15T20:19:02+00:00","breadcrumb":{"@id":"https:\/\/hgh.ca\/fr\/a-notre-sujet\/lequipe-de-leadership\/structure-organisationnelle\/#breadcrumb"},"inLanguage":"fr-FR","potentialAction":[{"@type":"ReadAction","target":["https:\/\/hgh.ca\/fr\/a-notre-sujet\/lequipe-de-leadership\/structure-organisationnelle\/"]}]},{"@type":"ImageObject","inLanguage":"fr-FR","@id":"https:\/\/hgh.ca\/fr\/a-notre-sujet\/lequipe-de-leadership\/structure-organisationnelle\/#primaryimage","url":"https:\/\/hgh.ca\/wp-content\/uploads\/2026\/01\/organigramme-fr-jan-2026.png","contentUrl":"https:\/\/hgh.ca\/wp-content\/uploads\/2026\/01\/organigramme-fr-jan-2026.png"},{"@type":"BreadcrumbList","@id":"https:\/\/hgh.ca\/fr\/a-notre-sujet\/lequipe-de-leadership\/structure-organisationnelle\/#breadcrumb","itemListElement":[{"@type":"ListItem","position":1,"name":"Home","item":"https:\/\/hgh.ca\/fr\/"},{"@type":"ListItem","position":2,"name":"\u00c0 notre sujet","item":"https:\/\/hgh.ca\/fr\/a-notre-sujet\/"},{"@type":"ListItem","position":3,"name":"L&#8217;\u00e9quipe de Leadership","item":"https:\/\/hgh.ca\/fr\/a-notre-sujet\/lequipe-de-leadership\/"},{"@type":"ListItem","position":4,"name":"Structure organisationnelle"}]},{"@type":"WebSite","@id":"https:\/\/hgh.ca\/#website","url":"https:\/\/hgh.ca\/","name":"H\u00f4pital g\u00e9n\u00e9ral de Hawkesbury","description":"Compassion, Innovation, Excellence","potentialAction":[{"@type":"SearchAction","target":{"@type":"EntryPoint","urlTemplate":"https:\/\/hgh.ca\/?s={search_term_string}"},"query-input":"required name=search_term_string"}],"inLanguage":"fr-FR"}]}},"_links":{"self":[{"href":"https:\/\/hgh.ca\/fr\/wp-json\/wp\/v2\/pages\/4985\/"}],"collection":[{"href":"https:\/\/hgh.ca\/fr\/wp-json\/wp\/v2\/pages\/"}],"about":[{"href":"https:\/\/hgh.ca\/fr\/wp-json\/wp\/v2\/types\/page\/"}],"author":[{"embeddable":true,"href":"https:\/\/hgh.ca\/fr\/wp-json\/wp\/v2\/users\/2\/"}],"replies":[{"embeddable":true,"href":"https:\/\/hgh.ca\/fr\/wp-json\/wp\/v2\/comments\/?post=4985"}],"version-history":[{"count":6,"href":"https:\/\/hgh.ca\/fr\/wp-json\/wp\/v2\/pages\/4985\/revisions\/"}],"predecessor-version":[{"id":12346,"href":"https:\/\/hgh.ca\/fr\/wp-json\/wp\/v2\/pages\/4985\/revisions\/12346\/"}],"up":[{"embeddable":true,"href":"https:\/\/hgh.ca\/fr\/wp-json\/wp\/v2\/pages\/121\/"}],"wp:attachment":[{"href":"https:\/\/hgh.ca\/fr\/wp-json\/wp\/v2\/media\/?parent=4985"}],"curies":[{"name":"wp","href":"https:\/\/api.w.org\/{rel}","templated":true}]}}