{"id":5663,"date":"2019-10-01T11:38:37","date_gmt":"2019-10-01T15:38:37","guid":{"rendered":"https:\/\/hgh.ca\/hide-my-tracks\/"},"modified":"2019-10-01T14:37:35","modified_gmt":"2019-10-01T18:37:35","slug":"effacer-mes-traces","status":"publish","type":"page","link":"https:\/\/hgh.ca\/fr\/effacer-mes-traces\/","title":{"rendered":"Effacer mes traces"},"content":{"rendered":"<p>Chaque fois que vous visitez un site internet ou que vous effectuez une recherche en ligne, votre navigateur (Chrome, Safari, Explorer, Edge, etc.) garde des traces de ces activit\u00e9s sur votre ordinateur, votre tablette ou votre t\u00e9l\u00e9phone intelligent. Si vous utilisez un service comme un compte Google ou iCloud, vos recherches et l&rsquo;historique des sites visit\u00e9s peuvent se trouver sur tous vos appareils connect\u00e9s \u00e0 un m\u00eame compte.<\/p>\n<p>Vous pouvez effacer les traces de votre passage sur ce site web. Vous pouvez aussi utiliser un mode de navigation priv\u00e9e pour \u00e9viter que les sites visit\u00e9s apparaissent dans l\u2019historique. La fa\u00e7on de faire d\u00e9pend du navigateur que vous utilisez.<\/p>\n<p>Pour en savoir davantage, suivez le lien correspondant \u00e0 votre navigateur.<\/p>\n<ul>\n<li><a href=\"https:\/\/support.google.com\/chrome\/answer\/2392709?hl=fr\" target=\"_blank\" rel=\"noopener noreferrer\">Chrome &#8211; comment effacer les donn\u00e9es de navigation<\/a><\/li>\n<li><a href=\"https:\/\/support.apple.com\/fr-ca\/HT201265\" target=\"_blank\" rel=\"noopener noreferrer\">Safari &#8211; pour iPhone, iPad ou iPod<\/a><\/li>\n<li><a href=\"https:\/\/support.apple.com\/fr-ca\/guide\/safari\/sfri47acf5d6\/mac\" target=\"_blank\" rel=\"noopener noreferrer\">Safari sur Mac<\/a><\/li>\n<li><a href=\"https:\/\/support.microsoft.com\/fr-ca\/help\/10607\/microsoft-edge-view-delete-browser-history\" target=\"_blank\" rel=\"noopener noreferrer\">Microsoft Edge<\/a><\/li>\n<li><a href=\"https:\/\/support.microsoft.com\/fr-ca\/help\/17438\/windows-internet-explorer-view-delete-browsing-history\" target=\"_blank\" rel=\"noopener noreferrer\">Internet Explorer<\/a><\/li>\n<li><a href=\"https:\/\/support.mozilla.org\/fr\/kb\/comment-vider-le-cache-de-firefox\" target=\"_blank\" rel=\"noopener noreferrer\">Mozilla Firefox<\/a><\/li>\n<\/ul>\n<p>Pour quitter rapidement ce site, cliquez sur le bouton en bas \u00e0 droite de l\u2019\u00e9cran <a href=\"https:\/\/www.google.com\/\" target=\"_blank\" rel=\"noopener noreferrer\">Quittez ce site imm\u00e9diatement<\/a>.<\/p>\n","protected":false},"excerpt":{"rendered":"Chaque fois que vous visitez un site internet ou que vous effectuez une recherche en ligne, votre navigateur (Chrome, Safari, Explorer, Edge, etc.) garde des traces de ces activit\u00e9s sur votre ordinateur, votre tablette ou votre t\u00e9l\u00e9phone intelligent. Si vous utilisez un service comme un compte Google ou iCloud, vos recherches et l&rsquo;historique des sites&#8230; <a class=\"btn btn--primary\" href=\"https:\/\/hgh.ca\/fr\/effacer-mes-traces\/\">Acc\u00e9der l&rsquo;article<\/a>","protected":false},"author":1,"featured_media":0,"parent":0,"menu_order":7,"comment_status":"closed","ping_status":"closed","template":"","meta":{"_acf_changed":false,"_exactmetrics_skip_tracking":false,"_exactmetrics_sitenote_active":false,"_exactmetrics_sitenote_note":"","_exactmetrics_sitenote_category":0,"footnotes":""},"class_list":["post-5663","page","type-page","status-publish","hentry"],"acf":[],"yoast_head":"<!-- This site is optimized with the Yoast SEO plugin v23.0 - https:\/\/yoast.com\/wordpress\/plugins\/seo\/ -->\n<title>Effacer mes traces - H\u00f4pital g\u00e9n\u00e9ral de Hawkesbury<\/title>\n<meta name=\"robots\" content=\"index, follow, max-snippet:-1, max-image-preview:large, max-video-preview:-1\" \/>\n<link rel=\"canonical\" href=\"https:\/\/hgh.ca\/fr\/effacer-mes-traces\/\" \/>\n<meta property=\"og:locale\" content=\"fr_FR\" \/>\n<meta property=\"og:type\" content=\"article\" \/>\n<meta property=\"og:title\" content=\"Effacer mes traces - H\u00f4pital g\u00e9n\u00e9ral de Hawkesbury\" \/>\n<meta property=\"og:description\" content=\"Chaque fois que vous visitez un site internet ou que vous effectuez une recherche en ligne, votre navigateur (Chrome, Safari, Explorer, Edge, etc.) garde des traces de ces activit\u00e9s sur votre ordinateur, votre tablette ou votre t\u00e9l\u00e9phone intelligent. Si vous utilisez un service comme un compte Google ou iCloud, vos recherches et l&rsquo;historique des sites... Acc\u00e9der l&#039;article\" \/>\n<meta property=\"og:url\" content=\"https:\/\/hgh.ca\/fr\/effacer-mes-traces\/\" \/>\n<meta property=\"og:site_name\" content=\"H\u00f4pital g\u00e9n\u00e9ral de Hawkesbury\" \/>\n<meta property=\"article:modified_time\" content=\"2019-10-01T18:37:35+00:00\" \/>\n<meta name=\"twitter:card\" content=\"summary_large_image\" \/>\n<meta name=\"twitter:label1\" content=\"Dur\u00e9e de lecture estim\u00e9e\" \/>\n\t<meta name=\"twitter:data1\" content=\"1 minute\" \/>\n<script type=\"application\/ld+json\" class=\"yoast-schema-graph\">{\"@context\":\"https:\/\/schema.org\",\"@graph\":[{\"@type\":\"WebPage\",\"@id\":\"https:\/\/hgh.ca\/fr\/effacer-mes-traces\/\",\"url\":\"https:\/\/hgh.ca\/fr\/effacer-mes-traces\/\",\"name\":\"Effacer mes traces - H\u00f4pital g\u00e9n\u00e9ral de Hawkesbury\",\"isPartOf\":{\"@id\":\"https:\/\/hgh.ca\/#website\"},\"datePublished\":\"2019-10-01T15:38:37+00:00\",\"dateModified\":\"2019-10-01T18:37:35+00:00\",\"breadcrumb\":{\"@id\":\"https:\/\/hgh.ca\/fr\/effacer-mes-traces\/#breadcrumb\"},\"inLanguage\":\"fr-FR\",\"potentialAction\":[{\"@type\":\"ReadAction\",\"target\":[\"https:\/\/hgh.ca\/fr\/effacer-mes-traces\/\"]}]},{\"@type\":\"BreadcrumbList\",\"@id\":\"https:\/\/hgh.ca\/fr\/effacer-mes-traces\/#breadcrumb\",\"itemListElement\":[{\"@type\":\"ListItem\",\"position\":1,\"name\":\"Home\",\"item\":\"https:\/\/hgh.ca\/fr\/\"},{\"@type\":\"ListItem\",\"position\":2,\"name\":\"Effacer mes traces\"}]},{\"@type\":\"WebSite\",\"@id\":\"https:\/\/hgh.ca\/#website\",\"url\":\"https:\/\/hgh.ca\/\",\"name\":\"H\u00f4pital g\u00e9n\u00e9ral de Hawkesbury\",\"description\":\"Compassion, Innovation, Excellence\",\"potentialAction\":[{\"@type\":\"SearchAction\",\"target\":{\"@type\":\"EntryPoint\",\"urlTemplate\":\"https:\/\/hgh.ca\/?s={search_term_string}\"},\"query-input\":\"required name=search_term_string\"}],\"inLanguage\":\"fr-FR\"}]}<\/script>\n<!-- \/ Yoast SEO plugin. -->","yoast_head_json":{"title":"Effacer mes traces - H\u00f4pital g\u00e9n\u00e9ral de Hawkesbury","robots":{"index":"index","follow":"follow","max-snippet":"max-snippet:-1","max-image-preview":"max-image-preview:large","max-video-preview":"max-video-preview:-1"},"canonical":"https:\/\/hgh.ca\/fr\/effacer-mes-traces\/","og_locale":"fr_FR","og_type":"article","og_title":"Effacer mes traces - H\u00f4pital g\u00e9n\u00e9ral de Hawkesbury","og_description":"Chaque fois que vous visitez un site internet ou que vous effectuez une recherche en ligne, votre navigateur (Chrome, Safari, Explorer, Edge, etc.) garde des traces de ces activit\u00e9s sur votre ordinateur, votre tablette ou votre t\u00e9l\u00e9phone intelligent. Si vous utilisez un service comme un compte Google ou iCloud, vos recherches et l&rsquo;historique des sites... Acc\u00e9der l'article","og_url":"https:\/\/hgh.ca\/fr\/effacer-mes-traces\/","og_site_name":"H\u00f4pital g\u00e9n\u00e9ral de Hawkesbury","article_modified_time":"2019-10-01T18:37:35+00:00","twitter_card":"summary_large_image","twitter_misc":{"Dur\u00e9e de lecture estim\u00e9e":"1 minute"},"schema":{"@context":"https:\/\/schema.org","@graph":[{"@type":"WebPage","@id":"https:\/\/hgh.ca\/fr\/effacer-mes-traces\/","url":"https:\/\/hgh.ca\/fr\/effacer-mes-traces\/","name":"Effacer mes traces - H\u00f4pital g\u00e9n\u00e9ral de Hawkesbury","isPartOf":{"@id":"https:\/\/hgh.ca\/#website"},"datePublished":"2019-10-01T15:38:37+00:00","dateModified":"2019-10-01T18:37:35+00:00","breadcrumb":{"@id":"https:\/\/hgh.ca\/fr\/effacer-mes-traces\/#breadcrumb"},"inLanguage":"fr-FR","potentialAction":[{"@type":"ReadAction","target":["https:\/\/hgh.ca\/fr\/effacer-mes-traces\/"]}]},{"@type":"BreadcrumbList","@id":"https:\/\/hgh.ca\/fr\/effacer-mes-traces\/#breadcrumb","itemListElement":[{"@type":"ListItem","position":1,"name":"Home","item":"https:\/\/hgh.ca\/fr\/"},{"@type":"ListItem","position":2,"name":"Effacer mes traces"}]},{"@type":"WebSite","@id":"https:\/\/hgh.ca\/#website","url":"https:\/\/hgh.ca\/","name":"H\u00f4pital g\u00e9n\u00e9ral de Hawkesbury","description":"Compassion, Innovation, Excellence","potentialAction":[{"@type":"SearchAction","target":{"@type":"EntryPoint","urlTemplate":"https:\/\/hgh.ca\/?s={search_term_string}"},"query-input":"required name=search_term_string"}],"inLanguage":"fr-FR"}]}},"_links":{"self":[{"href":"https:\/\/hgh.ca\/fr\/wp-json\/wp\/v2\/pages\/5663\/"}],"collection":[{"href":"https:\/\/hgh.ca\/fr\/wp-json\/wp\/v2\/pages\/"}],"about":[{"href":"https:\/\/hgh.ca\/fr\/wp-json\/wp\/v2\/types\/page\/"}],"author":[{"embeddable":true,"href":"https:\/\/hgh.ca\/fr\/wp-json\/wp\/v2\/users\/1\/"}],"replies":[{"embeddable":true,"href":"https:\/\/hgh.ca\/fr\/wp-json\/wp\/v2\/comments\/?post=5663"}],"version-history":[{"count":5,"href":"https:\/\/hgh.ca\/fr\/wp-json\/wp\/v2\/pages\/5663\/revisions\/"}],"predecessor-version":[{"id":5671,"href":"https:\/\/hgh.ca\/fr\/wp-json\/wp\/v2\/pages\/5663\/revisions\/5671\/"}],"wp:attachment":[{"href":"https:\/\/hgh.ca\/fr\/wp-json\/wp\/v2\/media\/?parent=5663"}],"curies":[{"name":"wp","href":"https:\/\/api.w.org\/{rel}","templated":true}]}}