{"id":67,"date":"2015-02-20T19:08:12","date_gmt":"2015-02-20T19:08:12","guid":{"rendered":"http:\/\/hgh-site.clients.soshal.ca\/?page_id=67"},"modified":"2025-07-16T13:42:06","modified_gmt":"2025-07-16T17:42:06","slug":"home-page","status":"publish","type":"page","link":"https:\/\/hgh.ca\/fr\/","title":{"rendered":"Accueil"},"content":{"rendered":"<p style=\"text-align: center\">L\u2019HGH est un h\u00f4pital r\u00e9gional bilingue \u00e0 service complet ax\u00e9 sur le patient et sa famille.<\/p>\n<p style=\"text-align: center\"><strong>Notre \u00e9quipe est d\u00e9vou\u00e9e \u00e0 l\u2019excellence en soins de sant\u00e9 et mise sur le travail d\u2019\u00e9quipe, l\u2019innovation et le leadership.<\/strong><\/p>\n","protected":false},"excerpt":{"rendered":"L\u2019HGH est un h\u00f4pital r\u00e9gional bilingue \u00e0 service complet ax\u00e9 sur le patient et sa famille. Notre \u00e9quipe est d\u00e9vou\u00e9e \u00e0 l\u2019excellence en soins de sant\u00e9 et mise sur le travail d\u2019\u00e9quipe, l\u2019innovation et le leadership.","protected":false},"author":1,"featured_media":0,"parent":0,"menu_order":11,"comment_status":"open","ping_status":"open","template":"","meta":{"_acf_changed":false,"_exactmetrics_skip_tracking":false,"_exactmetrics_sitenote_active":false,"_exactmetrics_sitenote_note":"","_exactmetrics_sitenote_category":0,"footnotes":""},"class_list":["post-67","page","type-page","status-publish","hentry"],"acf":[],"yoast_head":"<!-- This site is optimized with the Yoast SEO plugin v23.0 - https:\/\/yoast.com\/wordpress\/plugins\/seo\/ -->\n<title>Accueil - H\u00f4pital g\u00e9n\u00e9ral de Hawkesbury<\/title>\n<meta name=\"description\" content=\"L&#039;HGH est un h\u00f4pital r\u00e9gional bilingue \u00e0 service complet situ\u00e9 \u00e0 Hawkesbury Ontario. Nous desservons Prescott-Russell et les environs.\" \/>\n<meta name=\"robots\" content=\"index, follow, max-snippet:-1, max-image-preview:large, max-video-preview:-1\" \/>\n<link rel=\"canonical\" href=\"https:\/\/hgh.ca\/fr\/\" \/>\n<meta property=\"og:locale\" content=\"fr_FR\" \/>\n<meta property=\"og:type\" content=\"article\" \/>\n<meta property=\"og:title\" content=\"Accueil - H\u00f4pital g\u00e9n\u00e9ral de Hawkesbury\" \/>\n<meta property=\"og:description\" content=\"L&#039;HGH est un h\u00f4pital r\u00e9gional bilingue \u00e0 service complet situ\u00e9 \u00e0 Hawkesbury Ontario. Nous desservons Prescott-Russell et les environs.\" \/>\n<meta property=\"og:url\" content=\"https:\/\/hgh.ca\/fr\/\" \/>\n<meta property=\"og:site_name\" content=\"H\u00f4pital g\u00e9n\u00e9ral de Hawkesbury\" \/>\n<meta property=\"article:modified_time\" content=\"2025-07-16T17:42:06+00:00\" \/>\n<meta name=\"twitter:card\" content=\"summary_large_image\" \/>\n<meta name=\"twitter:label1\" content=\"Dur\u00e9e de lecture estim\u00e9e\" \/>\n\t<meta name=\"twitter:data1\" content=\"1 minute\" \/>\n<script type=\"application\/ld+json\" class=\"yoast-schema-graph\">{\"@context\":\"https:\/\/schema.org\",\"@graph\":[{\"@type\":\"WebPage\",\"@id\":\"https:\/\/hgh.ca\/fr\/\",\"url\":\"https:\/\/hgh.ca\/fr\/\",\"name\":\"Accueil - H\u00f4pital g\u00e9n\u00e9ral de Hawkesbury\",\"isPartOf\":{\"@id\":\"https:\/\/hgh.ca\/#website\"},\"datePublished\":\"2015-02-20T19:08:12+00:00\",\"dateModified\":\"2025-07-16T17:42:06+00:00\",\"description\":\"L'HGH est un h\u00f4pital r\u00e9gional bilingue \u00e0 service complet situ\u00e9 \u00e0 Hawkesbury Ontario. Nous desservons Prescott-Russell et les environs.\",\"breadcrumb\":{\"@id\":\"https:\/\/hgh.ca\/fr\/#breadcrumb\"},\"inLanguage\":\"fr-FR\",\"potentialAction\":[{\"@type\":\"ReadAction\",\"target\":[\"https:\/\/hgh.ca\/fr\/\"]}]},{\"@type\":\"BreadcrumbList\",\"@id\":\"https:\/\/hgh.ca\/fr\/#breadcrumb\",\"itemListElement\":[{\"@type\":\"ListItem\",\"position\":1,\"name\":\"Home\",\"item\":\"https:\/\/hgh.ca\/fr\/\"},{\"@type\":\"ListItem\",\"position\":2,\"name\":\"Accueil\"}]},{\"@type\":\"WebSite\",\"@id\":\"https:\/\/hgh.ca\/#website\",\"url\":\"https:\/\/hgh.ca\/\",\"name\":\"H\u00f4pital g\u00e9n\u00e9ral de Hawkesbury\",\"description\":\"Compassion, Innovation, Excellence\",\"potentialAction\":[{\"@type\":\"SearchAction\",\"target\":{\"@type\":\"EntryPoint\",\"urlTemplate\":\"https:\/\/hgh.ca\/?s={search_term_string}\"},\"query-input\":\"required name=search_term_string\"}],\"inLanguage\":\"fr-FR\"}]}<\/script>\n<!-- \/ Yoast SEO plugin. -->","yoast_head_json":{"title":"Accueil - H\u00f4pital g\u00e9n\u00e9ral de Hawkesbury","description":"L'HGH est un h\u00f4pital r\u00e9gional bilingue \u00e0 service complet situ\u00e9 \u00e0 Hawkesbury Ontario. Nous desservons Prescott-Russell et les environs.","robots":{"index":"index","follow":"follow","max-snippet":"max-snippet:-1","max-image-preview":"max-image-preview:large","max-video-preview":"max-video-preview:-1"},"canonical":"https:\/\/hgh.ca\/fr\/","og_locale":"fr_FR","og_type":"article","og_title":"Accueil - H\u00f4pital g\u00e9n\u00e9ral de Hawkesbury","og_description":"L'HGH est un h\u00f4pital r\u00e9gional bilingue \u00e0 service complet situ\u00e9 \u00e0 Hawkesbury Ontario. Nous desservons Prescott-Russell et les environs.","og_url":"https:\/\/hgh.ca\/fr\/","og_site_name":"H\u00f4pital g\u00e9n\u00e9ral de Hawkesbury","article_modified_time":"2025-07-16T17:42:06+00:00","twitter_card":"summary_large_image","twitter_misc":{"Dur\u00e9e de lecture estim\u00e9e":"1 minute"},"schema":{"@context":"https:\/\/schema.org","@graph":[{"@type":"WebPage","@id":"https:\/\/hgh.ca\/fr\/","url":"https:\/\/hgh.ca\/fr\/","name":"Accueil - H\u00f4pital g\u00e9n\u00e9ral de Hawkesbury","isPartOf":{"@id":"https:\/\/hgh.ca\/#website"},"datePublished":"2015-02-20T19:08:12+00:00","dateModified":"2025-07-16T17:42:06+00:00","description":"L'HGH est un h\u00f4pital r\u00e9gional bilingue \u00e0 service complet situ\u00e9 \u00e0 Hawkesbury Ontario. Nous desservons Prescott-Russell et les environs.","breadcrumb":{"@id":"https:\/\/hgh.ca\/fr\/#breadcrumb"},"inLanguage":"fr-FR","potentialAction":[{"@type":"ReadAction","target":["https:\/\/hgh.ca\/fr\/"]}]},{"@type":"BreadcrumbList","@id":"https:\/\/hgh.ca\/fr\/#breadcrumb","itemListElement":[{"@type":"ListItem","position":1,"name":"Home","item":"https:\/\/hgh.ca\/fr\/"},{"@type":"ListItem","position":2,"name":"Accueil"}]},{"@type":"WebSite","@id":"https:\/\/hgh.ca\/#website","url":"https:\/\/hgh.ca\/","name":"H\u00f4pital g\u00e9n\u00e9ral de Hawkesbury","description":"Compassion, Innovation, Excellence","potentialAction":[{"@type":"SearchAction","target":{"@type":"EntryPoint","urlTemplate":"https:\/\/hgh.ca\/?s={search_term_string}"},"query-input":"required name=search_term_string"}],"inLanguage":"fr-FR"}]}},"_links":{"self":[{"href":"https:\/\/hgh.ca\/fr\/wp-json\/wp\/v2\/pages\/67\/"}],"collection":[{"href":"https:\/\/hgh.ca\/fr\/wp-json\/wp\/v2\/pages\/"}],"about":[{"href":"https:\/\/hgh.ca\/fr\/wp-json\/wp\/v2\/types\/page\/"}],"author":[{"embeddable":true,"href":"https:\/\/hgh.ca\/fr\/wp-json\/wp\/v2\/users\/1\/"}],"replies":[{"embeddable":true,"href":"https:\/\/hgh.ca\/fr\/wp-json\/wp\/v2\/comments\/?post=67"}],"version-history":[{"count":6,"href":"https:\/\/hgh.ca\/fr\/wp-json\/wp\/v2\/pages\/67\/revisions\/"}],"predecessor-version":[{"id":11903,"href":"https:\/\/hgh.ca\/fr\/wp-json\/wp\/v2\/pages\/67\/revisions\/11903\/"}],"wp:attachment":[{"href":"https:\/\/hgh.ca\/fr\/wp-json\/wp\/v2\/media\/?parent=67"}],"curies":[{"name":"wp","href":"https:\/\/api.w.org\/{rel}","templated":true}]}}