{"id":7015,"date":"2021-01-17T15:52:12","date_gmt":"2021-01-17T20:52:12","guid":{"rendered":"https:\/\/hgh.ca\/?page_id=7015"},"modified":"2024-07-16T13:55:19","modified_gmt":"2024-07-16T17:55:19","slug":"professionnels-de-la-sante","status":"publish","type":"page","link":"https:\/\/hgh.ca\/fr\/professionnels-de-la-sante\/","title":{"rendered":"Professionnels de la sant\u00e9"},"content":{"rendered":"<h2>Bienvenue dans la section des professionnels de la sant\u00e9<\/h2>\n<p><img loading=\"lazy\" decoding=\"async\" class=\"alignleft wp-image-9120 size-medium\" src=\"https:\/\/hgh.ca\/wp-content\/uploads\/2023\/01\/dr-paul-e-beaule-250x320.jpg\" alt=\"Dr Paul E. Beaul\u00e9\" width=\"234\" height=\"300\" srcset=\"https:\/\/hgh.ca\/wp-content\/uploads\/2023\/01\/dr-paul-e-beaule-250x320.jpg 250w, https:\/\/hgh.ca\/wp-content\/uploads\/2023\/01\/dr-paul-e-beaule-120x153.jpg 120w, https:\/\/hgh.ca\/wp-content\/uploads\/2023\/01\/dr-paul-e-beaule.jpg 650w\" sizes=\"(max-width: 234px) 100vw, 234px\" \/><\/p>\n<p>&nbsp;<\/p>\n<p>&nbsp;<\/p>\n<h2>M\u00e9decin-chef<\/h2>\n<p>Dr Paul E. Beaul\u00e9 fait partie de l\u2019\u00e9quipe m\u00e9dicale de l\u2019HGH depuis 2018 et occupe le poste de m\u00e9decin-chef depuis janvier 2023. Il pratique la m\u00e9decine depuis plus de 20 ans et a jou\u00e9 un r\u00f4le cl\u00e9 dans le d\u00e9veloppement du programme d\u2019orthop\u00e9die de l\u2019HGH.<\/p>\n<p>&nbsp;<\/p>\n<p>&nbsp;<\/p>\n<h2>Recrutement m\u00e9dical et Affaires acad\u00e9miques<\/h2>\n<p>Pour de l\u2019information sur les postes vacants ou le recrutement, communiquez avec Chanel Romagna, agente de recrutement et des affaires acad\u00e9miques au 613-632-1111, poste 31001 ou par courriel \u00e0 <a href=\"mailto:physicianrecruitment@hgh.ca\">physicianrecruitment@hgh.ca<\/a>.<\/p>\n<hr \/>\n<h2>L\u2019HGH en bref<\/h2>\n<p class=\"lead\">L\u2019H\u00f4pital g\u00e9n\u00e9ral de Hawkesbury et district (HGH) est devenu un centre hospitalier r\u00e9gional \u00e0 service complet gr\u00e2ce \u00e0 un investissement de 160 millions de dollars dans un <a href=\"https:\/\/hgh.ca\/fr\/a-notre-sujet\/projet-de-reamenagement\/\">projet majeur de r\u00e9am\u00e9nagement<\/a>.<\/p>\n<ul>\n<li>100 lits<\/li>\n<li>200 m\u00e9decins<\/li>\n<li>800 employ\u00e9s<\/li>\n<li>Dossiers m\u00e9dicaux \u00e9lectroniques avec le syst\u00e8me d&rsquo;information sant\u00e9 Epic<\/li>\n<\/ul>\n<div class=\"fl-grid fl-grid--wide\"><div class=\"fl-grid__item\">\n<h3>Urgence<\/h3>\n<ul>\n<li>18 salles d\u2019examen<\/li>\n<li>Service ambulatoire<\/li>\n<li>Pr\u00e8s de 55 000 visites par ann\u00e9e<\/li>\n<\/ul>\n<h3>Chirurgie<\/h3>\n<ul>\n<li>3 salles d\u2019op\u00e9ration<\/li>\n<li>Unit\u00e9 d\u2019endoscopie<\/li>\n<li>5 500 interventions chirurgicales par ann\u00e9e<\/li>\n<\/ul>\n<h3>Obst\u00e9trique<\/h3>\n<ul>\n<li>Centre familial des naissances\u00a0comprenant 7\u00a0chambres<\/li>\n<li>450 accouchements par ann\u00e9e<\/li>\n<\/ul>\n<\/div><div class=\"fl-grid__item\">\n<p>&nbsp;<\/p>\n<h3>Imagerie diagnostique<\/h3>\n<ul>\n<li>Radiologie g\u00e9n\u00e9rale et sp\u00e9cialis\u00e9e<\/li>\n<li>CT scanner 128 coupes<\/li>\n<li>\u00c9chographie<\/li>\n<li>Ost\u00e9odensitom\u00e9trie<\/li>\n<li>Mammographie<\/li>\n<li>Imagerie par r\u00e9sonance magn\u00e9tique<\/li>\n<li>Plus de 50 000 examens par ann\u00e9e<\/li>\n<\/ul>\n<h3>Soins ambulatoires<\/h3>\n<ul>\n<li>Nouveau pavillon de cliniques ambulatoires<\/li>\n<li>40+ sp\u00e9cialit\u00e9s m\u00e9dicales<\/li>\n<\/ul>\n<\/div><\/div>\n<hr \/>\n<h2>Liens internes<\/h2>\n<p>Pour consulter la liste des m\u00e9decins et des sp\u00e9cialistes, visitez la page <a href=\"https:\/\/hgh.ca\/fr\/\u00e9quipe-m\u00e9dicale\/\">\u00c9quipe m\u00e9dicale<\/a>.<\/p>\n<p>Pour de l&rsquo;information sur les postes vacants, visitez <a href=\"https:\/\/hgh.ca\/fr\/carrieres\/recrutement-de-medecins\/\">Recrutement de m\u00e9decins<\/a>.<\/p>\n<p>Pour de l&rsquo;information sur les r\u00e9f\u00e9rences m\u00e9dicales aux cliniques de soins ambulatoires, visitez <a href=\"https:\/\/hgh.ca\/fr\/referer-un-patient\/\">R\u00e9f\u00e9rer un patient<\/a>.<\/p>\n<p>Pour voir l&rsquo;organigramme de l&rsquo;h\u00f4pital, visitez la page <a href=\"https:\/\/hgh.ca\/fr\/a-notre-sujet\/lequipe-de-leadership\/structure-organisationnelle\/\">Leadership\/Structure organisationnelle<\/a>.<\/p>\n<p>&nbsp;<\/p>\n<hr \/>\n<p>&nbsp;<\/p>\n","protected":false},"excerpt":{"rendered":"Bienvenue dans la section des professionnels de la sant\u00e9 &nbsp; &nbsp; M\u00e9decin-chef Dr Paul E. Beaul\u00e9 fait partie de l\u2019\u00e9quipe m\u00e9dicale de l\u2019HGH depuis 2018 et occupe le poste de m\u00e9decin-chef depuis janvier 2023. Il pratique la m\u00e9decine depuis plus de 20 ans et a jou\u00e9 un r\u00f4le cl\u00e9 dans le d\u00e9veloppement du programme d\u2019orthop\u00e9die&#8230; <a class=\"btn btn--primary\" href=\"https:\/\/hgh.ca\/fr\/professionnels-de-la-sante\/\">Acc\u00e9der l&rsquo;article<\/a>","protected":false},"author":1,"featured_media":0,"parent":0,"menu_order":8,"comment_status":"closed","ping_status":"closed","template":"","meta":{"_acf_changed":false,"_exactmetrics_skip_tracking":false,"_exactmetrics_sitenote_active":false,"_exactmetrics_sitenote_note":"","_exactmetrics_sitenote_category":0,"footnotes":""},"class_list":["post-7015","page","type-page","status-publish","hentry"],"acf":[],"yoast_head":"<!-- This site is optimized with the Yoast SEO plugin v23.0 - https:\/\/yoast.com\/wordpress\/plugins\/seo\/ -->\n<title>Professionnels de la sant\u00e9 - H\u00f4pital g\u00e9n\u00e9ral de Hawkesbury<\/title>\n<meta name=\"robots\" content=\"index, follow, max-snippet:-1, max-image-preview:large, max-video-preview:-1\" \/>\n<link rel=\"canonical\" href=\"https:\/\/hgh.ca\/fr\/professionnels-de-la-sante\/\" \/>\n<meta property=\"og:locale\" content=\"fr_FR\" \/>\n<meta property=\"og:type\" content=\"article\" \/>\n<meta property=\"og:title\" content=\"Professionnels de la sant\u00e9 - H\u00f4pital g\u00e9n\u00e9ral de Hawkesbury\" \/>\n<meta property=\"og:description\" content=\"Bienvenue dans la section des professionnels de la sant\u00e9 &nbsp; &nbsp; M\u00e9decin-chef Dr Paul E. Beaul\u00e9 fait partie de l\u2019\u00e9quipe m\u00e9dicale de l\u2019HGH depuis 2018 et occupe le poste de m\u00e9decin-chef depuis janvier 2023. Il pratique la m\u00e9decine depuis plus de 20 ans et a jou\u00e9 un r\u00f4le cl\u00e9 dans le d\u00e9veloppement du programme d\u2019orthop\u00e9die... Acc\u00e9der l&#039;article\" \/>\n<meta property=\"og:url\" content=\"https:\/\/hgh.ca\/fr\/professionnels-de-la-sante\/\" \/>\n<meta property=\"og:site_name\" content=\"H\u00f4pital g\u00e9n\u00e9ral de Hawkesbury\" \/>\n<meta property=\"article:modified_time\" content=\"2024-07-16T17:55:19+00:00\" \/>\n<meta property=\"og:image\" content=\"https:\/\/hgh.ca\/wp-content\/uploads\/2023\/01\/dr-paul-e-beaule-250x320.jpg\" \/>\n<meta name=\"twitter:card\" content=\"summary_large_image\" \/>\n<meta name=\"twitter:label1\" content=\"Dur\u00e9e de lecture estim\u00e9e\" \/>\n\t<meta name=\"twitter:data1\" content=\"2 minutes\" \/>\n<script type=\"application\/ld+json\" class=\"yoast-schema-graph\">{\"@context\":\"https:\/\/schema.org\",\"@graph\":[{\"@type\":\"WebPage\",\"@id\":\"https:\/\/hgh.ca\/fr\/professionnels-de-la-sante\/\",\"url\":\"https:\/\/hgh.ca\/fr\/professionnels-de-la-sante\/\",\"name\":\"Professionnels de la sant\u00e9 - H\u00f4pital g\u00e9n\u00e9ral de Hawkesbury\",\"isPartOf\":{\"@id\":\"https:\/\/hgh.ca\/#website\"},\"primaryImageOfPage\":{\"@id\":\"https:\/\/hgh.ca\/fr\/professionnels-de-la-sante\/#primaryimage\"},\"image\":{\"@id\":\"https:\/\/hgh.ca\/fr\/professionnels-de-la-sante\/#primaryimage\"},\"thumbnailUrl\":\"https:\/\/hgh.ca\/wp-content\/uploads\/2023\/01\/dr-paul-e-beaule-250x320.jpg\",\"datePublished\":\"2021-01-17T20:52:12+00:00\",\"dateModified\":\"2024-07-16T17:55:19+00:00\",\"breadcrumb\":{\"@id\":\"https:\/\/hgh.ca\/fr\/professionnels-de-la-sante\/#breadcrumb\"},\"inLanguage\":\"fr-FR\",\"potentialAction\":[{\"@type\":\"ReadAction\",\"target\":[\"https:\/\/hgh.ca\/fr\/professionnels-de-la-sante\/\"]}]},{\"@type\":\"ImageObject\",\"inLanguage\":\"fr-FR\",\"@id\":\"https:\/\/hgh.ca\/fr\/professionnels-de-la-sante\/#primaryimage\",\"url\":\"https:\/\/hgh.ca\/wp-content\/uploads\/2023\/01\/dr-paul-e-beaule-250x320.jpg\",\"contentUrl\":\"https:\/\/hgh.ca\/wp-content\/uploads\/2023\/01\/dr-paul-e-beaule-250x320.jpg\"},{\"@type\":\"BreadcrumbList\",\"@id\":\"https:\/\/hgh.ca\/fr\/professionnels-de-la-sante\/#breadcrumb\",\"itemListElement\":[{\"@type\":\"ListItem\",\"position\":1,\"name\":\"Home\",\"item\":\"https:\/\/hgh.ca\/fr\/\"},{\"@type\":\"ListItem\",\"position\":2,\"name\":\"Professionnels de la sant\u00e9\"}]},{\"@type\":\"WebSite\",\"@id\":\"https:\/\/hgh.ca\/#website\",\"url\":\"https:\/\/hgh.ca\/\",\"name\":\"H\u00f4pital g\u00e9n\u00e9ral de Hawkesbury\",\"description\":\"Compassion, Innovation, Excellence\",\"potentialAction\":[{\"@type\":\"SearchAction\",\"target\":{\"@type\":\"EntryPoint\",\"urlTemplate\":\"https:\/\/hgh.ca\/?s={search_term_string}\"},\"query-input\":\"required name=search_term_string\"}],\"inLanguage\":\"fr-FR\"}]}<\/script>\n<!-- \/ Yoast SEO plugin. -->","yoast_head_json":{"title":"Professionnels de la sant\u00e9 - H\u00f4pital g\u00e9n\u00e9ral de Hawkesbury","robots":{"index":"index","follow":"follow","max-snippet":"max-snippet:-1","max-image-preview":"max-image-preview:large","max-video-preview":"max-video-preview:-1"},"canonical":"https:\/\/hgh.ca\/fr\/professionnels-de-la-sante\/","og_locale":"fr_FR","og_type":"article","og_title":"Professionnels de la sant\u00e9 - H\u00f4pital g\u00e9n\u00e9ral de Hawkesbury","og_description":"Bienvenue dans la section des professionnels de la sant\u00e9 &nbsp; &nbsp; M\u00e9decin-chef Dr Paul E. Beaul\u00e9 fait partie de l\u2019\u00e9quipe m\u00e9dicale de l\u2019HGH depuis 2018 et occupe le poste de m\u00e9decin-chef depuis janvier 2023. Il pratique la m\u00e9decine depuis plus de 20 ans et a jou\u00e9 un r\u00f4le cl\u00e9 dans le d\u00e9veloppement du programme d\u2019orthop\u00e9die... Acc\u00e9der l'article","og_url":"https:\/\/hgh.ca\/fr\/professionnels-de-la-sante\/","og_site_name":"H\u00f4pital g\u00e9n\u00e9ral de Hawkesbury","article_modified_time":"2024-07-16T17:55:19+00:00","og_image":[{"url":"https:\/\/hgh.ca\/wp-content\/uploads\/2023\/01\/dr-paul-e-beaule-250x320.jpg"}],"twitter_card":"summary_large_image","twitter_misc":{"Dur\u00e9e de lecture estim\u00e9e":"2 minutes"},"schema":{"@context":"https:\/\/schema.org","@graph":[{"@type":"WebPage","@id":"https:\/\/hgh.ca\/fr\/professionnels-de-la-sante\/","url":"https:\/\/hgh.ca\/fr\/professionnels-de-la-sante\/","name":"Professionnels de la sant\u00e9 - H\u00f4pital g\u00e9n\u00e9ral de Hawkesbury","isPartOf":{"@id":"https:\/\/hgh.ca\/#website"},"primaryImageOfPage":{"@id":"https:\/\/hgh.ca\/fr\/professionnels-de-la-sante\/#primaryimage"},"image":{"@id":"https:\/\/hgh.ca\/fr\/professionnels-de-la-sante\/#primaryimage"},"thumbnailUrl":"https:\/\/hgh.ca\/wp-content\/uploads\/2023\/01\/dr-paul-e-beaule-250x320.jpg","datePublished":"2021-01-17T20:52:12+00:00","dateModified":"2024-07-16T17:55:19+00:00","breadcrumb":{"@id":"https:\/\/hgh.ca\/fr\/professionnels-de-la-sante\/#breadcrumb"},"inLanguage":"fr-FR","potentialAction":[{"@type":"ReadAction","target":["https:\/\/hgh.ca\/fr\/professionnels-de-la-sante\/"]}]},{"@type":"ImageObject","inLanguage":"fr-FR","@id":"https:\/\/hgh.ca\/fr\/professionnels-de-la-sante\/#primaryimage","url":"https:\/\/hgh.ca\/wp-content\/uploads\/2023\/01\/dr-paul-e-beaule-250x320.jpg","contentUrl":"https:\/\/hgh.ca\/wp-content\/uploads\/2023\/01\/dr-paul-e-beaule-250x320.jpg"},{"@type":"BreadcrumbList","@id":"https:\/\/hgh.ca\/fr\/professionnels-de-la-sante\/#breadcrumb","itemListElement":[{"@type":"ListItem","position":1,"name":"Home","item":"https:\/\/hgh.ca\/fr\/"},{"@type":"ListItem","position":2,"name":"Professionnels de la sant\u00e9"}]},{"@type":"WebSite","@id":"https:\/\/hgh.ca\/#website","url":"https:\/\/hgh.ca\/","name":"H\u00f4pital g\u00e9n\u00e9ral de Hawkesbury","description":"Compassion, Innovation, Excellence","potentialAction":[{"@type":"SearchAction","target":{"@type":"EntryPoint","urlTemplate":"https:\/\/hgh.ca\/?s={search_term_string}"},"query-input":"required name=search_term_string"}],"inLanguage":"fr-FR"}]}},"_links":{"self":[{"href":"https:\/\/hgh.ca\/fr\/wp-json\/wp\/v2\/pages\/7015\/"}],"collection":[{"href":"https:\/\/hgh.ca\/fr\/wp-json\/wp\/v2\/pages\/"}],"about":[{"href":"https:\/\/hgh.ca\/fr\/wp-json\/wp\/v2\/types\/page\/"}],"author":[{"embeddable":true,"href":"https:\/\/hgh.ca\/fr\/wp-json\/wp\/v2\/users\/1\/"}],"replies":[{"embeddable":true,"href":"https:\/\/hgh.ca\/fr\/wp-json\/wp\/v2\/comments\/?post=7015"}],"version-history":[{"count":5,"href":"https:\/\/hgh.ca\/fr\/wp-json\/wp\/v2\/pages\/7015\/revisions\/"}],"predecessor-version":[{"id":10163,"href":"https:\/\/hgh.ca\/fr\/wp-json\/wp\/v2\/pages\/7015\/revisions\/10163\/"}],"wp:attachment":[{"href":"https:\/\/hgh.ca\/fr\/wp-json\/wp\/v2\/media\/?parent=7015"}],"curies":[{"name":"wp","href":"https:\/\/api.w.org\/{rel}","templated":true}]}}