{"id":797,"date":"2015-06-10T17:08:31","date_gmt":"2015-06-10T21:08:31","guid":{"rendered":"https:\/\/hgh.ca\/?page_id=797"},"modified":"2025-11-24T11:44:25","modified_gmt":"2025-11-24T16:44:25","slug":"recrutement-de-medecins","status":"publish","type":"page","link":"https:\/\/hgh.ca\/fr\/professionnels-de-la-sante\/recrutement-de-medecins\/","title":{"rendered":"Recrutement de m\u00e9decins"},"content":{"rendered":"<p><img loading=\"lazy\" decoding=\"async\" class=\"alignnone wp-image-9870 size-large\" src=\"https:\/\/hgh.ca\/wp-content\/uploads\/2024\/03\/2024-03-recrutement-medecins-960-700x324.png\" alt=\"group of physicians in a hospital\" width=\"700\" height=\"324\" srcset=\"https:\/\/hgh.ca\/wp-content\/uploads\/2024\/03\/2024-03-recrutement-medecins-960-700x324.png 700w, https:\/\/hgh.ca\/wp-content\/uploads\/2024\/03\/2024-03-recrutement-medecins-960-250x116.png 250w, https:\/\/hgh.ca\/wp-content\/uploads\/2024\/03\/2024-03-recrutement-medecins-960-768x356.png 768w, https:\/\/hgh.ca\/wp-content\/uploads\/2024\/03\/2024-03-recrutement-medecins-960-120x56.png 120w, https:\/\/hgh.ca\/wp-content\/uploads\/2024\/03\/2024-03-recrutement-medecins-960-960x444.png 960w, https:\/\/hgh.ca\/wp-content\/uploads\/2024\/03\/2024-03-recrutement-medecins-960.png 1080w\" sizes=\"(max-width: 700px) 100vw, 700px\" \/><\/p>\n<h4 class=\"highlight\"><strong>*** L&rsquo;\u00e9quipe de m\u00e9decine interne de l&rsquo;HGH s&rsquo;agrandit ! ***<\/strong><\/h4>\n<p class=\"highlight\">Pour plus d&rsquo;information, contactez notre conseill\u00e8re aux affaires m\u00e9dicales par courriel <a href=\"mailto:Physicianrecruitment@hgh.ca\">Physicianrecruitment@hgh.ca<\/a> ou par t\u00e9l\u00e9phone 613-632-1111, poste 31001.<\/p>\n<p>&nbsp;<\/p>\n<h2 id=\"Postes\">Postes \u00e0 combler<\/h2>\n<p>Cliquez sur un poste ci-dessous pour voir les d\u00e9tails et savoir comment pr\u00e9senter une demande.<\/p>\n<table style=\"border-collapse: collapse;width: 100%\">\n<tbody>\n<tr>\n<td style=\"width: 33.3333%\"><strong><a href=\"https:\/\/hgh.ca\/fr\/professionnels-de-la-sante\/recrutement-de-medecins\/chirurgien-ou-chirurgienne-generaliste\/\">Chirurgien ou chirurgienne g\u00e9n\u00e9raliste \u203a<\/a><\/strong><\/td>\n<td style=\"width: 33.3333%\"><strong><a href=\"https:\/\/hgh.ca\/fr\/professionnels-de-la-sante\/recrutement-de-medecins\/hospitaliste\/\">Hospitaliste \u203a<\/a><\/strong><\/td>\n<td style=\"width: 33.3333%\"><strong><a href=\"https:\/\/hgh.ca\/fr\/professionnels-de-la-sante\/recrutement-de-medecins\/ophtalmologiste\/\">Ophtalmologiste \u203a<\/a><\/strong><\/td>\n<\/tr>\n<tr>\n<td style=\"width: 33.3333%\"><strong><a href=\"https:\/\/hgh.ca\/fr\/professionnels-de-la-sante\/recrutement-de-medecins\/medecin-durgence\/\">M\u00e9decin d&rsquo;urgence \u203a<\/a><\/strong><\/td>\n<td style=\"width: 33.3333%\"><strong><a href=\"https:\/\/hgh.ca\/fr\/professionnels-de-la-sante\/recrutement-de-medecins\/interniste\/\">Interniste \u203a<\/a><\/strong><\/td>\n<td style=\"width: 33.3333%\"><\/td>\n<\/tr>\n<\/tbody>\n<\/table>\n<h2>Incitatifs pour pratiquer \u00e0 l\u2019HGH<\/h2>\n<p>L\u2019HGH offre \u00e0 ses m\u00e9decins une pratique rurale en Ontario, dans un milieu bilingue, \u00e0 moins d\u2019une heure d\u2019Ottawa ou de Montr\u00e9al.<\/p>\n<p>L\u2019HGH propose un milieu stimulant et des incitatifs int\u00e9ressants aux m\u00e9decins qui souhaitent se joindre \u00e0 notre \u00e9quipe.<\/p>\n<ul>\n<li>R\u00e9mun\u00e9ration concurrentielle<\/li>\n<li>Aide \u00e0 la r\u00e9installation<\/li>\n<li>Pratique diversifi\u00e9e dans un milieu reconnu pour la collaboration entre m\u00e9decins<\/li>\n<li>Services de soutien administratif<\/li>\n<li>Centre d\u2019enseignement affili\u00e9 \u00e0 l\u2019Universit\u00e9 d\u2019Ottawa et opportunit\u00e9s d\u2019enseignement<\/li>\n<li>Partenariats avec le Coll\u00e8ge La Cit\u00e9<\/li>\n<\/ul>\n<p>Vous souhaitez en savoir davantage au sujet de l\u2019H\u00f4pital g\u00e9n\u00e9ral de Hawkesbury et district et de la r\u00e9gion? Nous organisons des visites de l\u2019h\u00f4pital et des rencontres avec les directeurs m\u00e9dicaux ainsi qu\u2019une tourn\u00e9e de la r\u00e9gion pour les m\u00e9decins int\u00e9ress\u00e9s \u00e0 se joindre \u00e0 notre \u00e9quipe.<\/p>\n<p>\u00cates-vous int\u00e9ress\u00e9 \u00e0 \u00e9tablir un cabinet m\u00e9dical dans notre r\u00e9gion ou \u00e0 travailler \u00e0 temps plein \u00e0 l\u2019HGH? Le minist\u00e8re de la Sant\u00e9 et des Soins de longue dur\u00e9e de l\u2019Ontario offre des incitatifs financiers dans le cadre du programme <a href=\"https:\/\/www.ontario.ca\/fr\/document\/programmes-de-sante-dans-le-nord\/lignes-directrices-de-linitiative-de-recrutement-et-de\" target=\"_blank\" rel=\"noopener noreferrer\">Initiative de recrutement et de maintien en poste pour le Nord et les r\u00e9gions rurales.<\/a><\/p>\n<h2>T\u00e9moignages de quelques m\u00e9decins de l&rsquo;HGH<\/h2>\n<blockquote><p>-L\u2019HGH, c\u2019est plus qu\u2019un simple h\u00f4pital, c\u2019est une famille\u2009! Et c\u2019est ce que j\u2019aime le plus ici.<\/p>\n<p>&nbsp;<\/p>\n<p>-J\u2019aime l\u2019esprit de collaboration qui r\u00e8gne \u00e0 l\u2019HGH. Ici, tout le monde travaille ensemble, autant les m\u00e9decins que les \u00e9quipes de soutien, pour am\u00e9liorer les soins aux patients et les r\u00e9sultats. Et le coordonnateur des m\u00e9decins nous aide vraiment, ce qui rend l\u2019exp\u00e9rience de travail tr\u00e8s plaisante.<\/p>\n<p>&nbsp;<\/p>\n<p>-Des soins offerts avec compassion, du travail d\u2019\u00e9quipe exceptionnel et un esprit de communaut\u00e9 \u2014 c\u2019est \u00e7a l\u2019HGH\u2009!<\/p>\n<p>&nbsp;<\/p>\n<p>-J\u2019ai choisi l\u2019HGH apr\u00e8s avoir fait un cours optionnel ici comme r\u00e9sidente. C\u2019\u00e9tait un excellent milieu d\u2019apprentissage o\u00f9 tout le monde \u00e9tait ouvert \u00e0 l\u2019enseignement et o\u00f9 il avait beaucoup de cas int\u00e9ressants. Maintenant, je suis vraiment heureuse de faire partie d\u2019une \u00e9quipe m\u00e9dicale aussi soud\u00e9e et de soigner des gens de cette communaut\u00e9. Les opportunit\u00e9s sont nombreuses \u00e0 l\u2019HGH et j\u2019anticipe mon avenir ici avec confiance.<\/p><\/blockquote>\n","protected":false},"excerpt":{"rendered":"*** L&rsquo;\u00e9quipe de m\u00e9decine interne de l&rsquo;HGH s&rsquo;agrandit ! *** Pour plus d&rsquo;information, contactez notre conseill\u00e8re aux affaires m\u00e9dicales par courriel Physicianrecruitment@hgh.ca ou par t\u00e9l\u00e9phone 613-632-1111, poste 31001. &nbsp; Postes \u00e0 combler Cliquez sur un poste ci-dessous pour voir les d\u00e9tails et savoir comment pr\u00e9senter une demande. Chirurgien ou chirurgienne g\u00e9n\u00e9raliste \u203a Hospitaliste \u203a Ophtalmologiste&#8230; <a class=\"btn btn--primary\" href=\"https:\/\/hgh.ca\/fr\/professionnels-de-la-sante\/recrutement-de-medecins\/\">Acc\u00e9der l&rsquo;article<\/a>","protected":false},"author":1,"featured_media":0,"parent":7015,"menu_order":0,"comment_status":"open","ping_status":"open","template":"","meta":{"_acf_changed":false,"_exactmetrics_skip_tracking":false,"_exactmetrics_sitenote_active":false,"_exactmetrics_sitenote_note":"","_exactmetrics_sitenote_category":0,"footnotes":""},"class_list":["post-797","page","type-page","status-publish","hentry"],"acf":[],"yoast_head":"<!-- This site is optimized with the Yoast SEO plugin v23.0 - https:\/\/yoast.com\/wordpress\/plugins\/seo\/ -->\n<title>Recrutement de m\u00e9decins - H\u00f4pital g\u00e9n\u00e9ral de Hawkesbury<\/title>\n<meta name=\"robots\" content=\"index, follow, max-snippet:-1, max-image-preview:large, max-video-preview:-1\" \/>\n<link rel=\"canonical\" href=\"https:\/\/hgh.ca\/fr\/professionnels-de-la-sante\/recrutement-de-medecins\/\" \/>\n<meta property=\"og:locale\" content=\"fr_FR\" \/>\n<meta property=\"og:type\" content=\"article\" \/>\n<meta property=\"og:title\" content=\"Recrutement de m\u00e9decins - H\u00f4pital g\u00e9n\u00e9ral de Hawkesbury\" \/>\n<meta property=\"og:description\" content=\"*** L&rsquo;\u00e9quipe de m\u00e9decine interne de l&rsquo;HGH s&rsquo;agrandit ! *** Pour plus d&rsquo;information, contactez notre conseill\u00e8re aux affaires m\u00e9dicales par courriel Physicianrecruitment@hgh.ca ou par t\u00e9l\u00e9phone 613-632-1111, poste 31001. &nbsp; Postes \u00e0 combler Cliquez sur un poste ci-dessous pour voir les d\u00e9tails et savoir comment pr\u00e9senter une demande. Chirurgien ou chirurgienne g\u00e9n\u00e9raliste \u203a Hospitaliste \u203a Ophtalmologiste... Acc\u00e9der l&#039;article\" \/>\n<meta property=\"og:url\" content=\"https:\/\/hgh.ca\/fr\/professionnels-de-la-sante\/recrutement-de-medecins\/\" \/>\n<meta property=\"og:site_name\" content=\"H\u00f4pital g\u00e9n\u00e9ral de Hawkesbury\" \/>\n<meta property=\"article:modified_time\" content=\"2025-11-24T16:44:25+00:00\" \/>\n<meta property=\"og:image\" content=\"https:\/\/hgh.ca\/wp-content\/uploads\/2024\/03\/2024-03-recrutement-medecins-960-700x324.png\" \/>\n<meta name=\"twitter:card\" content=\"summary_large_image\" \/>\n<meta name=\"twitter:label1\" content=\"Dur\u00e9e de lecture estim\u00e9e\" \/>\n\t<meta name=\"twitter:data1\" content=\"2 minutes\" \/>\n<script type=\"application\/ld+json\" class=\"yoast-schema-graph\">{\"@context\":\"https:\/\/schema.org\",\"@graph\":[{\"@type\":\"WebPage\",\"@id\":\"https:\/\/hgh.ca\/fr\/professionnels-de-la-sante\/recrutement-de-medecins\/\",\"url\":\"https:\/\/hgh.ca\/fr\/professionnels-de-la-sante\/recrutement-de-medecins\/\",\"name\":\"Recrutement de m\u00e9decins - H\u00f4pital g\u00e9n\u00e9ral de Hawkesbury\",\"isPartOf\":{\"@id\":\"https:\/\/hgh.ca\/#website\"},\"primaryImageOfPage\":{\"@id\":\"https:\/\/hgh.ca\/fr\/professionnels-de-la-sante\/recrutement-de-medecins\/#primaryimage\"},\"image\":{\"@id\":\"https:\/\/hgh.ca\/fr\/professionnels-de-la-sante\/recrutement-de-medecins\/#primaryimage\"},\"thumbnailUrl\":\"https:\/\/hgh.ca\/wp-content\/uploads\/2024\/03\/2024-03-recrutement-medecins-960-700x324.png\",\"datePublished\":\"2015-06-10T21:08:31+00:00\",\"dateModified\":\"2025-11-24T16:44:25+00:00\",\"breadcrumb\":{\"@id\":\"https:\/\/hgh.ca\/fr\/professionnels-de-la-sante\/recrutement-de-medecins\/#breadcrumb\"},\"inLanguage\":\"fr-FR\",\"potentialAction\":[{\"@type\":\"ReadAction\",\"target\":[\"https:\/\/hgh.ca\/fr\/professionnels-de-la-sante\/recrutement-de-medecins\/\"]}]},{\"@type\":\"ImageObject\",\"inLanguage\":\"fr-FR\",\"@id\":\"https:\/\/hgh.ca\/fr\/professionnels-de-la-sante\/recrutement-de-medecins\/#primaryimage\",\"url\":\"https:\/\/hgh.ca\/wp-content\/uploads\/2024\/03\/2024-03-recrutement-medecins-960-700x324.png\",\"contentUrl\":\"https:\/\/hgh.ca\/wp-content\/uploads\/2024\/03\/2024-03-recrutement-medecins-960-700x324.png\"},{\"@type\":\"BreadcrumbList\",\"@id\":\"https:\/\/hgh.ca\/fr\/professionnels-de-la-sante\/recrutement-de-medecins\/#breadcrumb\",\"itemListElement\":[{\"@type\":\"ListItem\",\"position\":1,\"name\":\"Home\",\"item\":\"https:\/\/hgh.ca\/fr\/\"},{\"@type\":\"ListItem\",\"position\":2,\"name\":\"Professionnels de la sant\u00e9\",\"item\":\"https:\/\/hgh.ca\/fr\/professionnels-de-la-sante\/\"},{\"@type\":\"ListItem\",\"position\":3,\"name\":\"Recrutement de m\u00e9decins\"}]},{\"@type\":\"WebSite\",\"@id\":\"https:\/\/hgh.ca\/#website\",\"url\":\"https:\/\/hgh.ca\/\",\"name\":\"H\u00f4pital g\u00e9n\u00e9ral de Hawkesbury\",\"description\":\"Compassion, Innovation, Excellence\",\"potentialAction\":[{\"@type\":\"SearchAction\",\"target\":{\"@type\":\"EntryPoint\",\"urlTemplate\":\"https:\/\/hgh.ca\/?s={search_term_string}\"},\"query-input\":\"required name=search_term_string\"}],\"inLanguage\":\"fr-FR\"}]}<\/script>\n<!-- \/ Yoast SEO plugin. -->","yoast_head_json":{"title":"Recrutement de m\u00e9decins - H\u00f4pital g\u00e9n\u00e9ral de Hawkesbury","robots":{"index":"index","follow":"follow","max-snippet":"max-snippet:-1","max-image-preview":"max-image-preview:large","max-video-preview":"max-video-preview:-1"},"canonical":"https:\/\/hgh.ca\/fr\/professionnels-de-la-sante\/recrutement-de-medecins\/","og_locale":"fr_FR","og_type":"article","og_title":"Recrutement de m\u00e9decins - H\u00f4pital g\u00e9n\u00e9ral de Hawkesbury","og_description":"*** L&rsquo;\u00e9quipe de m\u00e9decine interne de l&rsquo;HGH s&rsquo;agrandit ! *** Pour plus d&rsquo;information, contactez notre conseill\u00e8re aux affaires m\u00e9dicales par courriel Physicianrecruitment@hgh.ca ou par t\u00e9l\u00e9phone 613-632-1111, poste 31001. &nbsp; Postes \u00e0 combler Cliquez sur un poste ci-dessous pour voir les d\u00e9tails et savoir comment pr\u00e9senter une demande. Chirurgien ou chirurgienne g\u00e9n\u00e9raliste \u203a Hospitaliste \u203a Ophtalmologiste... Acc\u00e9der l'article","og_url":"https:\/\/hgh.ca\/fr\/professionnels-de-la-sante\/recrutement-de-medecins\/","og_site_name":"H\u00f4pital g\u00e9n\u00e9ral de Hawkesbury","article_modified_time":"2025-11-24T16:44:25+00:00","og_image":[{"url":"https:\/\/hgh.ca\/wp-content\/uploads\/2024\/03\/2024-03-recrutement-medecins-960-700x324.png"}],"twitter_card":"summary_large_image","twitter_misc":{"Dur\u00e9e de lecture estim\u00e9e":"2 minutes"},"schema":{"@context":"https:\/\/schema.org","@graph":[{"@type":"WebPage","@id":"https:\/\/hgh.ca\/fr\/professionnels-de-la-sante\/recrutement-de-medecins\/","url":"https:\/\/hgh.ca\/fr\/professionnels-de-la-sante\/recrutement-de-medecins\/","name":"Recrutement de m\u00e9decins - H\u00f4pital g\u00e9n\u00e9ral de Hawkesbury","isPartOf":{"@id":"https:\/\/hgh.ca\/#website"},"primaryImageOfPage":{"@id":"https:\/\/hgh.ca\/fr\/professionnels-de-la-sante\/recrutement-de-medecins\/#primaryimage"},"image":{"@id":"https:\/\/hgh.ca\/fr\/professionnels-de-la-sante\/recrutement-de-medecins\/#primaryimage"},"thumbnailUrl":"https:\/\/hgh.ca\/wp-content\/uploads\/2024\/03\/2024-03-recrutement-medecins-960-700x324.png","datePublished":"2015-06-10T21:08:31+00:00","dateModified":"2025-11-24T16:44:25+00:00","breadcrumb":{"@id":"https:\/\/hgh.ca\/fr\/professionnels-de-la-sante\/recrutement-de-medecins\/#breadcrumb"},"inLanguage":"fr-FR","potentialAction":[{"@type":"ReadAction","target":["https:\/\/hgh.ca\/fr\/professionnels-de-la-sante\/recrutement-de-medecins\/"]}]},{"@type":"ImageObject","inLanguage":"fr-FR","@id":"https:\/\/hgh.ca\/fr\/professionnels-de-la-sante\/recrutement-de-medecins\/#primaryimage","url":"https:\/\/hgh.ca\/wp-content\/uploads\/2024\/03\/2024-03-recrutement-medecins-960-700x324.png","contentUrl":"https:\/\/hgh.ca\/wp-content\/uploads\/2024\/03\/2024-03-recrutement-medecins-960-700x324.png"},{"@type":"BreadcrumbList","@id":"https:\/\/hgh.ca\/fr\/professionnels-de-la-sante\/recrutement-de-medecins\/#breadcrumb","itemListElement":[{"@type":"ListItem","position":1,"name":"Home","item":"https:\/\/hgh.ca\/fr\/"},{"@type":"ListItem","position":2,"name":"Professionnels de la sant\u00e9","item":"https:\/\/hgh.ca\/fr\/professionnels-de-la-sante\/"},{"@type":"ListItem","position":3,"name":"Recrutement de m\u00e9decins"}]},{"@type":"WebSite","@id":"https:\/\/hgh.ca\/#website","url":"https:\/\/hgh.ca\/","name":"H\u00f4pital g\u00e9n\u00e9ral de Hawkesbury","description":"Compassion, Innovation, Excellence","potentialAction":[{"@type":"SearchAction","target":{"@type":"EntryPoint","urlTemplate":"https:\/\/hgh.ca\/?s={search_term_string}"},"query-input":"required name=search_term_string"}],"inLanguage":"fr-FR"}]}},"_links":{"self":[{"href":"https:\/\/hgh.ca\/fr\/wp-json\/wp\/v2\/pages\/797\/"}],"collection":[{"href":"https:\/\/hgh.ca\/fr\/wp-json\/wp\/v2\/pages\/"}],"about":[{"href":"https:\/\/hgh.ca\/fr\/wp-json\/wp\/v2\/types\/page\/"}],"author":[{"embeddable":true,"href":"https:\/\/hgh.ca\/fr\/wp-json\/wp\/v2\/users\/1\/"}],"replies":[{"embeddable":true,"href":"https:\/\/hgh.ca\/fr\/wp-json\/wp\/v2\/comments\/?post=797"}],"version-history":[{"count":6,"href":"https:\/\/hgh.ca\/fr\/wp-json\/wp\/v2\/pages\/797\/revisions\/"}],"predecessor-version":[{"id":12237,"href":"https:\/\/hgh.ca\/fr\/wp-json\/wp\/v2\/pages\/797\/revisions\/12237\/"}],"up":[{"embeddable":true,"href":"https:\/\/hgh.ca\/fr\/wp-json\/wp\/v2\/pages\/7015\/"}],"wp:attachment":[{"href":"https:\/\/hgh.ca\/fr\/wp-json\/wp\/v2\/media\/?parent=797"}],"curies":[{"name":"wp","href":"https:\/\/api.w.org\/{rel}","templated":true}]}}