{"id":801,"date":"2015-06-10T17:13:36","date_gmt":"2015-06-10T21:13:36","guid":{"rendered":"https:\/\/hgh.ca\/?page_id=801"},"modified":"2025-10-31T09:01:15","modified_gmt":"2025-10-31T13:01:15","slug":"les-offres-demploi","status":"publish","type":"page","link":"https:\/\/hgh.ca\/fr\/carrieres-et-benevolat\/les-offres-demploi\/","title":{"rendered":"Offres d&#8217;emploi"},"content":{"rendered":"<h2><img loading=\"lazy\" decoding=\"async\" class=\"aligncenter wp-image-11734 size-full\" src=\"https:\/\/hgh.ca\/wp-content\/uploads\/2025\/07\/photodustaff-e1752068866299.png\" alt=\"\" width=\"2160\" height=\"1500\" srcset=\"https:\/\/hgh.ca\/wp-content\/uploads\/2025\/07\/photodustaff-e1752068866299.png 2160w, https:\/\/hgh.ca\/wp-content\/uploads\/2025\/07\/photodustaff-e1752068866299-250x174.png 250w, https:\/\/hgh.ca\/wp-content\/uploads\/2025\/07\/photodustaff-e1752068866299-700x486.png 700w, https:\/\/hgh.ca\/wp-content\/uploads\/2025\/07\/photodustaff-e1752068866299-768x533.png 768w, https:\/\/hgh.ca\/wp-content\/uploads\/2025\/07\/photodustaff-e1752068866299-1536x1067.png 1536w, https:\/\/hgh.ca\/wp-content\/uploads\/2025\/07\/photodustaff-e1752068866299-2048x1422.png 2048w, https:\/\/hgh.ca\/wp-content\/uploads\/2025\/07\/photodustaff-e1752068866299-120x83.png 120w, https:\/\/hgh.ca\/wp-content\/uploads\/2025\/07\/photodustaff-e1752068866299-960x667.png 960w\" sizes=\"(max-width: 2160px) 100vw, 2160px\" \/><\/h2>\n<h2 style=\"text-align: justify\">Emplois disponibles \u00e0 l&rsquo;HGH<\/h2>\n<p style=\"text-align: justify\">Pour consulter la liste des postes disponibles, visitez le portail d&rsquo;<a href=\"http:\/\/clients.njoyn.com\/cl4\/xweb\/Xweb.asp?page=joblisting&amp;CLID=72657&amp;lang=2\" rel=\"noopener noreferrer\">offres d\u2019emploi<\/a>.<\/p>\n<p style=\"text-align: justify\">Facilitez votre recherche d\u2019emploi avec nos alertes \u00e9lectronique. Recevez un courriel chaque fois qu\u2019un poste correspondant \u00e0 vos crit\u00e8res est mis en ligne. Pour recevoir les alertes par courriel, cr\u00e9ez votre profil. Vous devrez cr\u00e9er un profil la premi\u00e8re fois que vous postulez en ligne. Ces outils en ligne se trouvent sur le portail des <a href=\"http:\/\/clients.njoyn.com\/cl4\/xweb\/Xweb.asp?page=joblisting&amp;CLID=72657&amp;lang=2\">offres d\u2019emploi.<\/a><\/p>\n<hr \/>\n<h2 style=\"text-align: justify\">Aper\u00e7u<\/h2>\n<p style=\"text-align: justify\">L\u2019H\u00f4pital g\u00e9n\u00e9ral de Hawkesbury et district (HGH) est en pleine croissance et offre des d\u00e9fis stimulants dans de nombreux secteurs d\u2019activit\u00e9s. Les professionnels de la sant\u00e9 jouent un r\u00f4le important et actif dans tous nos d\u00e9partements. Chaque discipline assure l\u2019excellence clinique dans la prestation de soins ax\u00e9s sur les patients et leurs familles.<\/p>\n<p style=\"text-align: justify\"><span style=\"text-decoration: underline\">Notre mod\u00e8le de prestation des soins comporte cinq (5) strat\u00e9gies principales :<\/span><\/p>\n<ul style=\"text-align: justify\">\n<li>Comprendre les besoins du patient et de sa famille afin de prendre des d\u00e9cisions \u00e9clair\u00e9es quant \u00e0 leurs soins.<\/li>\n<li>\u00c9tablir un plan interprofessionnel et int\u00e9gr\u00e9 pour la gestion et la coordination de la prestation des soins.<\/li>\n<li>Aligner les structures, processus, r\u00f4les et ressources pour faciliter la prestation des soins.<\/li>\n<li>Optimiser les transitions et le flux des transferts internes.<\/li>\n<li>Renforcer les capacit\u00e9s pour assurer succ\u00e8s et p\u00e9rennit\u00e9.<\/li>\n<\/ul>\n<p style=\"text-align: justify\"><strong>Soumettez votre candidature d\u00e8s maintenant. Ce geste marquera peut-\u00eatre le d\u00e9but d\u2019un nouveau chapitre dans votre cheminement professionnel.<\/strong><\/p>\n","protected":false},"excerpt":{"rendered":"Emplois disponibles \u00e0 l&rsquo;HGH Pour consulter la liste des postes disponibles, visitez le portail d&rsquo;offres d\u2019emploi. Facilitez votre recherche d\u2019emploi avec nos alertes \u00e9lectronique. Recevez un courriel chaque fois qu\u2019un poste correspondant \u00e0 vos crit\u00e8res est mis en ligne. Pour recevoir les alertes par courriel, cr\u00e9ez votre profil. Vous devrez cr\u00e9er un profil la premi\u00e8re&#8230; <a class=\"btn btn--primary\" href=\"https:\/\/hgh.ca\/fr\/carrieres-et-benevolat\/les-offres-demploi\/\">Acc\u00e9der l&rsquo;article<\/a>","protected":false},"author":1,"featured_media":0,"parent":11599,"menu_order":1,"comment_status":"open","ping_status":"open","template":"","meta":{"_acf_changed":false,"_exactmetrics_skip_tracking":false,"_exactmetrics_sitenote_active":false,"_exactmetrics_sitenote_note":"","_exactmetrics_sitenote_category":0,"footnotes":""},"class_list":["post-801","page","type-page","status-publish","hentry"],"acf":[],"yoast_head":"<!-- This site is optimized with the Yoast SEO plugin v23.0 - https:\/\/yoast.com\/wordpress\/plugins\/seo\/ -->\n<title>Offres d&#039;emploi - H\u00f4pital g\u00e9n\u00e9ral de Hawkesbury<\/title>\n<meta name=\"robots\" content=\"index, follow, max-snippet:-1, max-image-preview:large, max-video-preview:-1\" \/>\n<link rel=\"canonical\" href=\"https:\/\/hgh.ca\/fr\/carrieres-et-benevolat\/les-offres-demploi\/\" \/>\n<meta property=\"og:locale\" content=\"fr_FR\" \/>\n<meta property=\"og:type\" content=\"article\" \/>\n<meta property=\"og:title\" content=\"Offres d&#039;emploi - H\u00f4pital g\u00e9n\u00e9ral de Hawkesbury\" \/>\n<meta property=\"og:description\" content=\"Emplois disponibles \u00e0 l&rsquo;HGH Pour consulter la liste des postes disponibles, visitez le portail d&rsquo;offres d\u2019emploi. Facilitez votre recherche d\u2019emploi avec nos alertes \u00e9lectronique. Recevez un courriel chaque fois qu\u2019un poste correspondant \u00e0 vos crit\u00e8res est mis en ligne. Pour recevoir les alertes par courriel, cr\u00e9ez votre profil. Vous devrez cr\u00e9er un profil la premi\u00e8re... Acc\u00e9der l&#039;article\" \/>\n<meta property=\"og:url\" content=\"https:\/\/hgh.ca\/fr\/carrieres-et-benevolat\/les-offres-demploi\/\" \/>\n<meta property=\"og:site_name\" content=\"H\u00f4pital g\u00e9n\u00e9ral de Hawkesbury\" \/>\n<meta property=\"article:modified_time\" content=\"2025-10-31T13:01:15+00:00\" \/>\n<meta property=\"og:image\" content=\"https:\/\/hgh.ca\/wp-content\/uploads\/2025\/07\/photodustaff-e1752068866299.png\" \/>\n<meta name=\"twitter:card\" content=\"summary_large_image\" \/>\n<meta name=\"twitter:label1\" content=\"Dur\u00e9e de lecture estim\u00e9e\" \/>\n\t<meta name=\"twitter:data1\" content=\"2 minutes\" \/>\n<script type=\"application\/ld+json\" class=\"yoast-schema-graph\">{\"@context\":\"https:\/\/schema.org\",\"@graph\":[{\"@type\":\"WebPage\",\"@id\":\"https:\/\/hgh.ca\/fr\/carrieres-et-benevolat\/les-offres-demploi\/\",\"url\":\"https:\/\/hgh.ca\/fr\/carrieres-et-benevolat\/les-offres-demploi\/\",\"name\":\"Offres d'emploi - H\u00f4pital g\u00e9n\u00e9ral de Hawkesbury\",\"isPartOf\":{\"@id\":\"https:\/\/hgh.ca\/#website\"},\"primaryImageOfPage\":{\"@id\":\"https:\/\/hgh.ca\/fr\/carrieres-et-benevolat\/les-offres-demploi\/#primaryimage\"},\"image\":{\"@id\":\"https:\/\/hgh.ca\/fr\/carrieres-et-benevolat\/les-offres-demploi\/#primaryimage\"},\"thumbnailUrl\":\"https:\/\/hgh.ca\/wp-content\/uploads\/2025\/07\/photodustaff-e1752068866299.png\",\"datePublished\":\"2015-06-10T21:13:36+00:00\",\"dateModified\":\"2025-10-31T13:01:15+00:00\",\"breadcrumb\":{\"@id\":\"https:\/\/hgh.ca\/fr\/carrieres-et-benevolat\/les-offres-demploi\/#breadcrumb\"},\"inLanguage\":\"fr-FR\",\"potentialAction\":[{\"@type\":\"ReadAction\",\"target\":[\"https:\/\/hgh.ca\/fr\/carrieres-et-benevolat\/les-offres-demploi\/\"]}]},{\"@type\":\"ImageObject\",\"inLanguage\":\"fr-FR\",\"@id\":\"https:\/\/hgh.ca\/fr\/carrieres-et-benevolat\/les-offres-demploi\/#primaryimage\",\"url\":\"https:\/\/hgh.ca\/wp-content\/uploads\/2025\/07\/photodustaff-e1752068866299.png\",\"contentUrl\":\"https:\/\/hgh.ca\/wp-content\/uploads\/2025\/07\/photodustaff-e1752068866299.png\"},{\"@type\":\"BreadcrumbList\",\"@id\":\"https:\/\/hgh.ca\/fr\/carrieres-et-benevolat\/les-offres-demploi\/#breadcrumb\",\"itemListElement\":[{\"@type\":\"ListItem\",\"position\":1,\"name\":\"Home\",\"item\":\"https:\/\/hgh.ca\/fr\/\"},{\"@type\":\"ListItem\",\"position\":2,\"name\":\"Carri\u00e8res et b\u00e9n\u00e9volat\",\"item\":\"https:\/\/hgh.ca\/fr\/carrieres-et-benevolat\/\"},{\"@type\":\"ListItem\",\"position\":3,\"name\":\"Offres d&#8217;emploi\"}]},{\"@type\":\"WebSite\",\"@id\":\"https:\/\/hgh.ca\/#website\",\"url\":\"https:\/\/hgh.ca\/\",\"name\":\"H\u00f4pital g\u00e9n\u00e9ral de Hawkesbury\",\"description\":\"Compassion, Innovation, Excellence\",\"potentialAction\":[{\"@type\":\"SearchAction\",\"target\":{\"@type\":\"EntryPoint\",\"urlTemplate\":\"https:\/\/hgh.ca\/?s={search_term_string}\"},\"query-input\":\"required name=search_term_string\"}],\"inLanguage\":\"fr-FR\"}]}<\/script>\n<!-- \/ Yoast SEO plugin. -->","yoast_head_json":{"title":"Offres d'emploi - H\u00f4pital g\u00e9n\u00e9ral de Hawkesbury","robots":{"index":"index","follow":"follow","max-snippet":"max-snippet:-1","max-image-preview":"max-image-preview:large","max-video-preview":"max-video-preview:-1"},"canonical":"https:\/\/hgh.ca\/fr\/carrieres-et-benevolat\/les-offres-demploi\/","og_locale":"fr_FR","og_type":"article","og_title":"Offres d'emploi - H\u00f4pital g\u00e9n\u00e9ral de Hawkesbury","og_description":"Emplois disponibles \u00e0 l&rsquo;HGH Pour consulter la liste des postes disponibles, visitez le portail d&rsquo;offres d\u2019emploi. Facilitez votre recherche d\u2019emploi avec nos alertes \u00e9lectronique. Recevez un courriel chaque fois qu\u2019un poste correspondant \u00e0 vos crit\u00e8res est mis en ligne. Pour recevoir les alertes par courriel, cr\u00e9ez votre profil. Vous devrez cr\u00e9er un profil la premi\u00e8re... Acc\u00e9der l'article","og_url":"https:\/\/hgh.ca\/fr\/carrieres-et-benevolat\/les-offres-demploi\/","og_site_name":"H\u00f4pital g\u00e9n\u00e9ral de Hawkesbury","article_modified_time":"2025-10-31T13:01:15+00:00","og_image":[{"url":"https:\/\/hgh.ca\/wp-content\/uploads\/2025\/07\/photodustaff-e1752068866299.png"}],"twitter_card":"summary_large_image","twitter_misc":{"Dur\u00e9e de lecture estim\u00e9e":"2 minutes"},"schema":{"@context":"https:\/\/schema.org","@graph":[{"@type":"WebPage","@id":"https:\/\/hgh.ca\/fr\/carrieres-et-benevolat\/les-offres-demploi\/","url":"https:\/\/hgh.ca\/fr\/carrieres-et-benevolat\/les-offres-demploi\/","name":"Offres d'emploi - H\u00f4pital g\u00e9n\u00e9ral de Hawkesbury","isPartOf":{"@id":"https:\/\/hgh.ca\/#website"},"primaryImageOfPage":{"@id":"https:\/\/hgh.ca\/fr\/carrieres-et-benevolat\/les-offres-demploi\/#primaryimage"},"image":{"@id":"https:\/\/hgh.ca\/fr\/carrieres-et-benevolat\/les-offres-demploi\/#primaryimage"},"thumbnailUrl":"https:\/\/hgh.ca\/wp-content\/uploads\/2025\/07\/photodustaff-e1752068866299.png","datePublished":"2015-06-10T21:13:36+00:00","dateModified":"2025-10-31T13:01:15+00:00","breadcrumb":{"@id":"https:\/\/hgh.ca\/fr\/carrieres-et-benevolat\/les-offres-demploi\/#breadcrumb"},"inLanguage":"fr-FR","potentialAction":[{"@type":"ReadAction","target":["https:\/\/hgh.ca\/fr\/carrieres-et-benevolat\/les-offres-demploi\/"]}]},{"@type":"ImageObject","inLanguage":"fr-FR","@id":"https:\/\/hgh.ca\/fr\/carrieres-et-benevolat\/les-offres-demploi\/#primaryimage","url":"https:\/\/hgh.ca\/wp-content\/uploads\/2025\/07\/photodustaff-e1752068866299.png","contentUrl":"https:\/\/hgh.ca\/wp-content\/uploads\/2025\/07\/photodustaff-e1752068866299.png"},{"@type":"BreadcrumbList","@id":"https:\/\/hgh.ca\/fr\/carrieres-et-benevolat\/les-offres-demploi\/#breadcrumb","itemListElement":[{"@type":"ListItem","position":1,"name":"Home","item":"https:\/\/hgh.ca\/fr\/"},{"@type":"ListItem","position":2,"name":"Carri\u00e8res et b\u00e9n\u00e9volat","item":"https:\/\/hgh.ca\/fr\/carrieres-et-benevolat\/"},{"@type":"ListItem","position":3,"name":"Offres d&#8217;emploi"}]},{"@type":"WebSite","@id":"https:\/\/hgh.ca\/#website","url":"https:\/\/hgh.ca\/","name":"H\u00f4pital g\u00e9n\u00e9ral de Hawkesbury","description":"Compassion, Innovation, Excellence","potentialAction":[{"@type":"SearchAction","target":{"@type":"EntryPoint","urlTemplate":"https:\/\/hgh.ca\/?s={search_term_string}"},"query-input":"required name=search_term_string"}],"inLanguage":"fr-FR"}]}},"_links":{"self":[{"href":"https:\/\/hgh.ca\/fr\/wp-json\/wp\/v2\/pages\/801\/"}],"collection":[{"href":"https:\/\/hgh.ca\/fr\/wp-json\/wp\/v2\/pages\/"}],"about":[{"href":"https:\/\/hgh.ca\/fr\/wp-json\/wp\/v2\/types\/page\/"}],"author":[{"embeddable":true,"href":"https:\/\/hgh.ca\/fr\/wp-json\/wp\/v2\/users\/1\/"}],"replies":[{"embeddable":true,"href":"https:\/\/hgh.ca\/fr\/wp-json\/wp\/v2\/comments\/?post=801"}],"version-history":[{"count":7,"href":"https:\/\/hgh.ca\/fr\/wp-json\/wp\/v2\/pages\/801\/revisions\/"}],"predecessor-version":[{"id":12156,"href":"https:\/\/hgh.ca\/fr\/wp-json\/wp\/v2\/pages\/801\/revisions\/12156\/"}],"up":[{"embeddable":true,"href":"https:\/\/hgh.ca\/fr\/wp-json\/wp\/v2\/pages\/11599\/"}],"wp:attachment":[{"href":"https:\/\/hgh.ca\/fr\/wp-json\/wp\/v2\/media\/?parent=801"}],"curies":[{"name":"wp","href":"https:\/\/api.w.org\/{rel}","templated":true}]}}