{"id":9809,"date":"2024-03-20T10:07:32","date_gmt":"2024-03-20T14:07:32","guid":{"rendered":"https:\/\/hgh.ca\/?page_id=9809"},"modified":"2024-03-20T10:07:32","modified_gmt":"2024-03-20T14:07:32","slug":"interniste","status":"publish","type":"page","link":"https:\/\/hgh.ca\/fr\/professionnels-de-la-sante\/recrutement-de-medecins\/interniste\/","title":{"rendered":"Interniste"},"content":{"rendered":"<p class=\"highlight-blue\">L\u2019H\u00f4pital g\u00e9n\u00e9ral de Hawkesbury et district (HGH) est \u00e0 la recherche d&rsquo;un <strong>m\u00e9decin interniste suppl\u00e9ant <\/strong>pour son \u00e9quipe m\u00e9dicale.<\/p>\n<p>L\u2019HGH est un h\u00f4pital r\u00e9gional bilingue ax\u00e9 sur le patient et sa famille. La population \u00e0 qui nous offrons des services \u00e9tant majoritairement francophone, la ma\u00eetrise du fran\u00e7ais et de l\u2019anglais est requise.<\/p>\n<p>Notre \u00e9quipe de plus de 200 m\u00e9decins et 800 employ\u00e9s est investie \u00e0 fond dans l\u2019offre de services et de soins de sant\u00e9 de qualit\u00e9 exceptionnelle. Pour ce faire, nous misons sur le travail d\u2019\u00e9quipe, l\u2019innovation et le leadership.<\/p>\n<p><strong>Nombre de postes :<\/strong> 1<\/p>\n<p><strong>Date de d\u00e9but et horaires :<\/strong> flexibles<\/p>\n<h2>Environnement clinique et responsabilit\u00e9s<\/h2>\n<p>Notre \u00e9quipe compte pr\u00e9sentement six sp\u00e9cialistes en m\u00e9decine interne. L&rsquo;interniste travaillera aux Cliniques de soins ambulatoires. La majorit\u00e9 du temps, le travail est effectu\u00e9 en personne, mais une certaine partie peut \u00eatre effectu\u00e9e virtuellement, selon les pr\u00e9f\u00e9rences personnelles.<\/p>\n<p>Il serait aussi possible de travailler \u00e0 l&rsquo;Unit\u00e9 des soins intensifs pour offrir des soins de base de niveau 2 (ventilation non invasive, haut d\u00e9bit, BIPAP, CPAP), certains soins avanc\u00e9s de niveau 2 comme la surveillance de la ligne art\u00e9rielle et les m\u00e9dicaments vasoactifs\/inotropes IV et des soins de base dans l\u2019unit\u00e9 de cardiologie et avec l&rsquo;\u00e9quipe d&rsquo;hospitalistes.<\/p>\n<p>Le Service des urgences de l\u2019HGH re\u00e7oit plus de 55\u2009000\u00a0visites par an. L\u2019h\u00f4pital dispose d\u2019une Unit\u00e9 de soins intensifs de 6\u00a0lits, d\u2019une Unit\u00e9 de m\u00e9decine-chirurgie de 38\u00a0lits et d\u2019une Unit\u00e9 de soins continus complexes de 18\u00a0lits.<\/p>\n<ul>\n<li>L\u2019HGH offre des avantages int\u00e9ressants comme les frais g\u00e9n\u00e9raux nuls et des installations confortables et ultramodernes dans un \u00e9difice r\u00e9cemment construit. Les commis r\u00e9servent tous les examens, les suivis et les consultations pour vous.<\/li>\n<li>R\u00e9cemment r\u00e9nov\u00e9s, notre h\u00f4pital et notre Unit\u00e9 de soins intensifs ont acc\u00e8s \u00e0 une multitude de sp\u00e9cialit\u00e9s m\u00e9dicales hospitali\u00e8res (cardiologie, GIM, chirurgie, gyn\u00e9cologie-obst\u00e9trique, neurologie, gastro-ent\u00e9rologie, etc.) et de professionnels param\u00e9dicaux (inhaloth\u00e9rapeutes 12\/24 h, physioth\u00e9rapie, ergoth\u00e9rapie, etc.). Nous avons aussi acc\u00e8s 24\/24 \u00e0 la tomodensitom\u00e9trie, IRM, endoscopies sup\u00e9rieures et inf\u00e9rieures, TTE et TEE, entre autres.<\/li>\n<li>L\u2019\u00e9quipe de l\u2019Unit\u00e9 de soins intensifs est compos\u00e9e de quatre sp\u00e9cialistes en m\u00e9decine interne et d\u2019un anesth\u00e9siste. L\u2019\u00e9quipe offre une couverture 24\/7 avec des soins de base de niveau 2 (ventilation non invasive, haut d\u00e9bit, BIPAP, CPAP), certains soins avanc\u00e9s de niveau 2 comme la surveillance de la ligne art\u00e9rielle et les m\u00e9dicaments vasoactifs\/inotropes IV et des soins de base dans l\u2019unit\u00e9 de cardiologie.<\/li>\n<\/ul>\n<h2>Qualifications<\/h2>\n<ul>\n<li>Certification du Coll\u00e8ge royal des m\u00e9decins et chirurgiens du Canada ou qualification \u00e9quivalente<\/li>\n<li>Permis d\u2019exercice ind\u00e9pendant de l\u2019Ordre des m\u00e9decins et chirurgiens de l\u2019Ontario<\/li>\n<\/ul>\n<h2>\u00c0 propos de l\u2019HGH<\/h2>\n<p>En 2022, un projet de r\u00e9am\u00e9nagement a transform\u00e9 notre h\u00f4pital communautaire en un h\u00f4pital r\u00e9gional \u00e0 service complet gr\u00e2ce \u00e0 un investissement de 200 millions $ en infrastructures, \u00e9quipements m\u00e9dicaux et technologies de pointe. Pour en savoir davantage, visitez la page <a href=\"https:\/\/hgh.ca\/fr\/a-notre-sujet\/projet-de-reamenagement\/\">Projet de r\u00e9am\u00e9nagement<\/a>.<\/p>\n<p>L\u2019HGH est membre de l\u2019Alliance Atlas, ce qui nous a permis d\u2019adopter le syst\u00e8me Epic et le dossier m\u00e9dical \u00e9lectronique (DME) r\u00e9sultant en une efficacit\u00e9 accrue et une meilleure s\u00e9curit\u00e9 du patient. En tant que membre de l\u2019Alliance Atlas, nous avons des partenariats \u00e9ducatifs et professionnels avec L\u2019H\u00f4pital d\u2019Ottawa et l\u2019Institut de cardiologie d\u2019Ottawa.<\/p>\n<p>L\u2019HGH est situ\u00e9 dans la ville de Hawkesbury, en Ontario, sur la berge de la rivi\u00e8re des Outaouais o\u00f9 vous trouverez tous les services essentiels, de magnifiques paysages ainsi qu\u2019un parfait \u00e9quilibre entre vie professionnelle et vie familiale. De plus, notre h\u00f4pital en milieu rural n\u2019est qu\u2019\u00e0 une heure de route de Montr\u00e9al ou d\u2019Ottawa.<\/p>\n<h2>Postulez maintenant<\/h2>\n<p>La profession m\u00e9dicale vous passionne et vous souhaitez travailler dans un milieu dynamique et positif\u2009?<\/p>\n<p>Envoyez votre CV aux Affaires m\u00e9dicales par courriel \u00e0 <a href=\"mailto:physicianrecruitment@hgh.ca\">physicianrecruitment@hgh.ca<\/a>.<\/p>\n<p>Si vous avez des questions, veuillez communiquer avec les Affaires m\u00e9dicales au 613-632-1111, poste 31001.<\/p>\n<p>&nbsp;<\/p>\n<hr \/>\n<h2>Programmes et services<\/h2>\n<p>L\u2019HGH compte 100 lits d&rsquo;hospitalisation et offre plus de 40 cliniques m\u00e9dicales sp\u00e9cialis\u00e9es aux r\u00e9sidents de Prescott-Russell et des environs. Pour consulter la liste des cliniques et services, visitez la page <a href=\"https:\/\/hgh.ca\/fr\/referer-un-patient\/\">R\u00e9f\u00e9rer un patient<\/a>.<\/p>\n<h2>\u00c9quipe m\u00e9dicale<\/h2>\n<p>Pour connaitre la liste des m\u00e9decins et des sp\u00e9cialistes, visitez la page <a href=\"https:\/\/hgh.ca\/fr\/\u00e9quipe-m\u00e9dicale\/\">\u00c9quipe m\u00e9dicale<\/a>.<\/p>\n","protected":false},"excerpt":{"rendered":"L\u2019H\u00f4pital g\u00e9n\u00e9ral de Hawkesbury et district (HGH) est \u00e0 la recherche d&rsquo;un m\u00e9decin interniste suppl\u00e9ant pour son \u00e9quipe m\u00e9dicale. L\u2019HGH est un h\u00f4pital r\u00e9gional bilingue ax\u00e9 sur le patient et sa famille. La population \u00e0 qui nous offrons des services \u00e9tant majoritairement francophone, la ma\u00eetrise du fran\u00e7ais et de l\u2019anglais est requise. Notre \u00e9quipe de&#8230; <a class=\"btn btn--primary\" href=\"https:\/\/hgh.ca\/fr\/professionnels-de-la-sante\/recrutement-de-medecins\/interniste\/\">Acc\u00e9der l&rsquo;article<\/a>","protected":false},"author":2,"featured_media":0,"parent":797,"menu_order":10,"comment_status":"closed","ping_status":"closed","template":"","meta":{"_acf_changed":false,"_exactmetrics_skip_tracking":false,"_exactmetrics_sitenote_active":false,"_exactmetrics_sitenote_note":"","_exactmetrics_sitenote_category":0,"footnotes":""},"class_list":["post-9809","page","type-page","status-publish","hentry"],"acf":[],"yoast_head":"<!-- This site is optimized with the Yoast SEO plugin v23.0 - https:\/\/yoast.com\/wordpress\/plugins\/seo\/ -->\n<title>Interniste - H\u00f4pital g\u00e9n\u00e9ral de Hawkesbury<\/title>\n<meta name=\"description\" content=\"L&#039;HGH recrute un m\u00e9decin intensiviste pour son Unit\u00e9 des soins intensifs. Faites partie de notre \u00e9quipe m\u00e9dicale.\" \/>\n<meta name=\"robots\" content=\"index, follow, max-snippet:-1, max-image-preview:large, max-video-preview:-1\" \/>\n<link rel=\"canonical\" href=\"https:\/\/hgh.ca\/fr\/health-professionals\/physician-recruitment\/internist\/\" \/>\n<meta property=\"og:locale\" content=\"fr_FR\" \/>\n<meta property=\"og:type\" content=\"article\" \/>\n<meta property=\"og:title\" content=\"Interniste - H\u00f4pital g\u00e9n\u00e9ral de Hawkesbury\" \/>\n<meta property=\"og:description\" content=\"L&#039;HGH recrute un m\u00e9decin intensiviste pour son Unit\u00e9 des soins intensifs. Faites partie de notre \u00e9quipe m\u00e9dicale.\" \/>\n<meta property=\"og:url\" content=\"https:\/\/hgh.ca\/health-professionals\/physician-recruitment\/internist\/\" \/>\n<meta property=\"og:site_name\" content=\"H\u00f4pital g\u00e9n\u00e9ral de Hawkesbury\" \/>\n<meta name=\"twitter:card\" content=\"summary_large_image\" \/>\n<meta name=\"twitter:label1\" content=\"Dur\u00e9e de lecture estim\u00e9e\" \/>\n\t<meta name=\"twitter:data1\" content=\"4 minutes\" \/>\n<script type=\"application\/ld+json\" class=\"yoast-schema-graph\">{\"@context\":\"https:\/\/schema.org\",\"@graph\":[{\"@type\":\"WebPage\",\"@id\":\"https:\/\/hgh.ca\/health-professionals\/physician-recruitment\/internist\/\",\"url\":\"https:\/\/hgh.ca\/health-professionals\/physician-recruitment\/internist\/\",\"name\":\"Interniste - H\u00f4pital g\u00e9n\u00e9ral de Hawkesbury\",\"isPartOf\":{\"@id\":\"https:\/\/hgh.ca\/#website\"},\"datePublished\":\"2024-03-20T14:07:32+00:00\",\"dateModified\":\"2024-03-20T14:07:32+00:00\",\"description\":\"L'HGH recrute un m\u00e9decin intensiviste pour son Unit\u00e9 des soins intensifs. Faites partie de notre \u00e9quipe m\u00e9dicale.\",\"breadcrumb\":{\"@id\":\"https:\/\/hgh.ca\/health-professionals\/physician-recruitment\/internist\/#breadcrumb\"},\"inLanguage\":\"fr-FR\",\"potentialAction\":[{\"@type\":\"ReadAction\",\"target\":[\"https:\/\/hgh.ca\/health-professionals\/physician-recruitment\/internist\/\"]}]},{\"@type\":\"BreadcrumbList\",\"@id\":\"https:\/\/hgh.ca\/health-professionals\/physician-recruitment\/internist\/#breadcrumb\",\"itemListElement\":[{\"@type\":\"ListItem\",\"position\":1,\"name\":\"Home\",\"item\":\"https:\/\/hgh.ca\/fr\/\"},{\"@type\":\"ListItem\",\"position\":2,\"name\":\"Professionnels de la sant\u00e9\",\"item\":\"https:\/\/hgh.ca\/fr\/professionnels-de-la-sante\/\"},{\"@type\":\"ListItem\",\"position\":3,\"name\":\"Recrutement de m\u00e9decins\",\"item\":\"https:\/\/hgh.ca\/fr\/professionnels-de-la-sante\/recrutement-de-medecins\/\"},{\"@type\":\"ListItem\",\"position\":4,\"name\":\"Interniste\"}]},{\"@type\":\"WebSite\",\"@id\":\"https:\/\/hgh.ca\/#website\",\"url\":\"https:\/\/hgh.ca\/\",\"name\":\"H\u00f4pital g\u00e9n\u00e9ral de Hawkesbury\",\"description\":\"Compassion, Innovation, Excellence\",\"potentialAction\":[{\"@type\":\"SearchAction\",\"target\":{\"@type\":\"EntryPoint\",\"urlTemplate\":\"https:\/\/hgh.ca\/?s={search_term_string}\"},\"query-input\":\"required name=search_term_string\"}],\"inLanguage\":\"fr-FR\"}]}<\/script>\n<!-- \/ Yoast SEO plugin. -->","yoast_head_json":{"title":"Interniste - H\u00f4pital g\u00e9n\u00e9ral de Hawkesbury","description":"L'HGH recrute un m\u00e9decin intensiviste pour son Unit\u00e9 des soins intensifs. Faites partie de notre \u00e9quipe m\u00e9dicale.","robots":{"index":"index","follow":"follow","max-snippet":"max-snippet:-1","max-image-preview":"max-image-preview:large","max-video-preview":"max-video-preview:-1"},"canonical":"https:\/\/hgh.ca\/fr\/health-professionals\/physician-recruitment\/internist\/","og_locale":"fr_FR","og_type":"article","og_title":"Interniste - H\u00f4pital g\u00e9n\u00e9ral de Hawkesbury","og_description":"L'HGH recrute un m\u00e9decin intensiviste pour son Unit\u00e9 des soins intensifs. Faites partie de notre \u00e9quipe m\u00e9dicale.","og_url":"https:\/\/hgh.ca\/health-professionals\/physician-recruitment\/internist\/","og_site_name":"H\u00f4pital g\u00e9n\u00e9ral de Hawkesbury","twitter_card":"summary_large_image","twitter_misc":{"Dur\u00e9e de lecture estim\u00e9e":"4 minutes"},"schema":{"@context":"https:\/\/schema.org","@graph":[{"@type":"WebPage","@id":"https:\/\/hgh.ca\/health-professionals\/physician-recruitment\/internist\/","url":"https:\/\/hgh.ca\/health-professionals\/physician-recruitment\/internist\/","name":"Interniste - H\u00f4pital g\u00e9n\u00e9ral de Hawkesbury","isPartOf":{"@id":"https:\/\/hgh.ca\/#website"},"datePublished":"2024-03-20T14:07:32+00:00","dateModified":"2024-03-20T14:07:32+00:00","description":"L'HGH recrute un m\u00e9decin intensiviste pour son Unit\u00e9 des soins intensifs. Faites partie de notre \u00e9quipe m\u00e9dicale.","breadcrumb":{"@id":"https:\/\/hgh.ca\/health-professionals\/physician-recruitment\/internist\/#breadcrumb"},"inLanguage":"fr-FR","potentialAction":[{"@type":"ReadAction","target":["https:\/\/hgh.ca\/health-professionals\/physician-recruitment\/internist\/"]}]},{"@type":"BreadcrumbList","@id":"https:\/\/hgh.ca\/health-professionals\/physician-recruitment\/internist\/#breadcrumb","itemListElement":[{"@type":"ListItem","position":1,"name":"Home","item":"https:\/\/hgh.ca\/fr\/"},{"@type":"ListItem","position":2,"name":"Professionnels de la sant\u00e9","item":"https:\/\/hgh.ca\/fr\/professionnels-de-la-sante\/"},{"@type":"ListItem","position":3,"name":"Recrutement de m\u00e9decins","item":"https:\/\/hgh.ca\/fr\/professionnels-de-la-sante\/recrutement-de-medecins\/"},{"@type":"ListItem","position":4,"name":"Interniste"}]},{"@type":"WebSite","@id":"https:\/\/hgh.ca\/#website","url":"https:\/\/hgh.ca\/","name":"H\u00f4pital g\u00e9n\u00e9ral de Hawkesbury","description":"Compassion, Innovation, Excellence","potentialAction":[{"@type":"SearchAction","target":{"@type":"EntryPoint","urlTemplate":"https:\/\/hgh.ca\/?s={search_term_string}"},"query-input":"required name=search_term_string"}],"inLanguage":"fr-FR"}]}},"_links":{"self":[{"href":"https:\/\/hgh.ca\/fr\/wp-json\/wp\/v2\/pages\/9809\/"}],"collection":[{"href":"https:\/\/hgh.ca\/fr\/wp-json\/wp\/v2\/pages\/"}],"about":[{"href":"https:\/\/hgh.ca\/fr\/wp-json\/wp\/v2\/types\/page\/"}],"author":[{"embeddable":true,"href":"https:\/\/hgh.ca\/fr\/wp-json\/wp\/v2\/users\/2\/"}],"replies":[{"embeddable":true,"href":"https:\/\/hgh.ca\/fr\/wp-json\/wp\/v2\/comments\/?post=9809"}],"version-history":[{"count":4,"href":"https:\/\/hgh.ca\/fr\/wp-json\/wp\/v2\/pages\/9809\/revisions\/"}],"predecessor-version":[{"id":9820,"href":"https:\/\/hgh.ca\/fr\/wp-json\/wp\/v2\/pages\/9809\/revisions\/9820\/"}],"up":[{"embeddable":true,"href":"https:\/\/hgh.ca\/fr\/wp-json\/wp\/v2\/pages\/797\/"}],"wp:attachment":[{"href":"https:\/\/hgh.ca\/fr\/wp-json\/wp\/v2\/media\/?parent=9809"}],"curies":[{"name":"wp","href":"https:\/\/api.w.org\/{rel}","templated":true}]}}